{"id":149,"date":"2015-09-25T12:52:58","date_gmt":"2015-09-25T10:52:58","guid":{"rendered":"http:\/\/www.mkt.hu\/?page_id=149"},"modified":"2026-04-08T13:21:08","modified_gmt":"2026-04-08T11:21:08","slug":"megyei","status":"publish","type":"page","link":"https:\/\/mkt.hu\/en\/tarsasag\/megyei\/","title":{"rendered":"A megyei szervezetek eln\u00f6kei \u00e9s titk\u00e1rai"},"content":{"rendered":"<p>[et_pb_section fb_built=&#8221;1&#8243; _builder_version=&#8221;4.27.4&#8243; _module_preset=&#8221;default&#8221; custom_padding=&#8221;0px||||false|false&#8221; global_colors_info=&#8221;{}&#8221;][et_pb_row column_structure=&#8221;2_3,1_3&#8243; use_custom_gutter=&#8221;on&#8221; gutter_width=&#8221;4&#8243; _builder_version=&#8221;4.27.4&#8243; _module_preset=&#8221;default&#8221; width=&#8221;90%&#8221; max_width=&#8221;none&#8221; locked=&#8221;off&#8221; global_colors_info=&#8221;{}&#8221;][et_pb_column type=&#8221;2_3&#8243; _builder_version=&#8221;4.27.4&#8243; _module_preset=&#8221;default&#8221; global_colors_info=&#8221;{}&#8221;][et_pb_text _builder_version=&#8221;4.27.4&#8243; _module_preset=&#8221;default&#8221; custom_margin=&#8221;||0px||false|false&#8221; custom_padding=&#8221;||0px||false|false&#8221; global_colors_info=&#8221;{}&#8221;]<\/p>\n<div class=\"fusion-title title fusion-title-1 sep-underline sep-solid fusion-title-text fusion-title-size-two\">\n<h2 class=\"title-heading-left fusion-responsive-typography-calculated\" data-fontsize=\"18\" data-lineheight=\"27px\"><strong>Az MKT megyei \u00e9s v\u00e1rosi szervezeteinek eln\u00f6kei \u00e9s titk\u00e1rai<\/strong><\/h2>\n<\/div>\n<p>[\/et_pb_text][et_pb_divider color=&#8221;#000000&#8243; _builder_version=&#8221;4.27.4&#8243; _module_preset=&#8221;default&#8221; custom_margin=&#8221;0px||0px||false|false&#8221; custom_padding=&#8221;0px||0px||false|false&#8221; global_colors_info=&#8221;{}&#8221;][\/et_pb_divider][et_pb_text _builder_version=&#8221;4.27.4&#8243; _module_preset=&#8221;default&#8221; global_colors_info=&#8221;{}&#8221;]<\/p>\n<table class=\"county_org\" border=\"0\" cellspacing=\"0\" cellpadding=\"5\">\n<tbody>\n<tr>\n<td valign=\"top\"><strong>MEGYEI SZERVEZET<\/strong><\/td>\n<td valign=\"top\"><strong>ELN\u00d6K<\/strong><\/td>\n<td valign=\"top\"><strong>TITK\u00c1R<\/strong><\/td>\n<\/tr>\n<tr>\n<td valign=\"top\"><b>B\u00e1cs-Kiskun<\/b><\/td>\n<td valign=\"top\"><b>Finta Zita\u00a0<\/b>campus-f\u0151igazgat\u00f3,<br \/>Nemzeti K\u00f6zszolg\u00e1lati Egyetem<\/td>\n<td valign=\"top\"><b>K\u00e1d\u00e1rn\u00e9 Balla Anita\u00a0<\/b>\u00fcgyviv\u0151 szak\u00e9rt\u0151,<br \/>Neumann J\u00e1nos Egyetem<\/td>\n<\/tr>\n<tr>\n<td valign=\"top\"><b>Baranya<\/b><\/td>\n<td valign=\"top\"><b>L\u00e1ng R\u00f3bert <\/b>diszponens,<br \/>Adval Tech QSCH<\/td>\n<td valign=\"top\"><strong>Harkai Patr\u00edcia Lilla<\/strong> hallgat\u00f3,<br \/>P\u00e9csi Tudom\u00e1nyegyetem<\/td>\n<\/tr>\n<tr>\n<td valign=\"top\"><b>B\u00e9k\u00e9s<\/b><\/td>\n<td valign=\"top\"><b>K\u00e1sa Istv\u00e1n Zolt\u00e1n<\/b> \u00fcgyvezet\u0151 igazgat\u00f3, Marzek Kner Packaging Kft.<\/td>\n<td valign=\"top\"><b>Moln\u00e1r Tam\u00e1s<\/b>, CIB Bank Zrt.<\/td>\n<\/tr>\n<tr>\n<td valign=\"top\"><b>Borsod-Aba\u00faj-Zempl\u00e9n<\/b><\/td>\n<td valign=\"top\"><b>Bihall Tam\u00e1s<\/b> eln\u00f6k, Borsod-Aba\u00faj-Zempl\u00e9n Megyei Kereskedelmi \u00e9s Iparkamara<\/td>\n<td valign=\"top\"><b>Szit\u00e1rcsik Anna<\/b> nyugd\u00edjas<\/td>\n<\/tr>\n<tr>\n<td valign=\"top\"><b>Csongr\u00e1d<\/b><\/td>\n<td valign=\"top\"><b>Troj\u00e1n Tam\u00e1s<\/b> k\u00f6ztisztvisel\u0151,<br \/>\u00c1llami Sz\u00e1mvev\u0151sz\u00e9k<\/td>\n<td valign=\"top\"><b>Farle M\u00f3nika <\/b>ellen\u0151r, NAV Csongr\u00e1d-Csan\u00e1d Megyei Ad\u00f3- \u00e9s V\u00e1migazgat\u00f3s\u00e1g<\/td>\n<\/tr>\n<tr>\n<td valign=\"top\"><b>Fej\u00e9r<\/b><\/td>\n<td valign=\"top\"><b>Madar\u00e1sz L\u00e1szl\u00f3<br \/><\/b>vez\u00e9rigazgat\u00f3, Korona Zrt.<\/td>\n<td valign=\"top\"><b>Madar\u00e1sz Andr\u00e1s<\/b><br \/>p\u00e9nz\u00fcgyi igazgat\u00f3, Korona Zrt.<\/td>\n<\/tr>\n<tr>\n<td valign=\"top\"><b>Gy\u0151r-Moson-Sopron<\/b><\/td>\n<td valign=\"top\"><b>Lac\u00f3 B\u00e1lint<\/b> igazgat\u00f3,<br \/>M\u00c1K Gy\u0151r-Moson-Sopron Megyei Ter\u00fcleti Igazgat\u00f3s\u00e1ga<\/td>\n<td valign=\"top\"><strong>Buics L\u00e1szl\u00f3<\/strong> egyetemi tan\u00e1rseg\u00e9d<br \/>Sz\u00e9chenyi Istv\u00e1n Egyetem<\/td>\n<\/tr>\n<tr>\n<td valign=\"top\"><b>Hajd\u00fa-Bihar<\/b><\/td>\n<td valign=\"top\"><b>N\u00e1br\u00e1di Andr\u00e1s<\/b> egyetemi tan\u00e1r,<br \/>Debreceni Egyetem<\/td>\n<td valign=\"top\"><b>Teleki Andr\u00e1s\u00a0<\/b><\/td>\n<\/tr>\n<tr>\n<td valign=\"top\"><b>Heves<\/b><\/td>\n<td valign=\"top\"><b>Cs\u00e1for Hajnalka<\/b> oktat\u00e1si rektorhelyettes,<br \/>Eszterh\u00e1zy K\u00e1roly Katolikus Egyetem<\/td>\n<td valign=\"top\"><b>Gyurk\u00f3 \u00c1d\u00e1m<\/b> adjunktus,<br \/>Eszterh\u00e1zy K\u00e1roly Katolikus Egyetem<\/td>\n<\/tr>\n<tr>\n<td valign=\"top\"><b>J\u00e1sz-Nagykun-Szolnok<\/b><\/td>\n<td valign=\"top\"><b>Bischof Zsolt<\/b> c\u00e9gvezet\u0151, B\u00e9res Gy\u00f3gyszergy\u00e1r Zrt.<\/td>\n<td valign=\"top\"><\/td>\n<\/tr>\n<tr>\n<td valign=\"top\"><b>Nagykanizsa<\/b><\/td>\n<td valign=\"top\"><strong>T\u00f3th-Kasz\u00e1s Nikoletta<\/strong><br \/>campusigazgat\u00f3,<br \/>Pannon Egyetem Nagykanizsai Campus<\/td>\n<td valign=\"top\"><b>Kereskai P\u00e9ter<\/b> titk\u00e1r<br \/>Nagykanizsai Kereskedelmi \u00e9s Iparkamara<\/td>\n<\/tr>\n<tr>\n<td valign=\"top\"><b>Somogy<\/b><\/td>\n<td valign=\"top\"><b>Par\u00e1di-Dolgos Anett <\/b>d\u00e9k\u00e1n,<br \/>Kaposv\u00e1ri Egyetem GtK<\/td>\n<td valign=\"top\"><b>Varga J\u00f3zsef <\/b>egyetemi docens,<br \/>Kaposv\u00e1ri Egyetem GtK<\/td>\n<\/tr>\n<tr>\n<td valign=\"top\"><b>Szabolcs-Szatm\u00e1r-Bereg<\/b><\/td>\n<td valign=\"top\"><b>M\u00e1di Zolt\u00e1n<\/b> gazdas\u00e1gi igazgat\u00f3, V\u00edgsz\u00ednh\u00e1z<\/td>\n<td valign=\"top\"><b>Hars\u00e1gi T\u00fcnde<\/b> igazgat\u00f3,<br \/>Sz\u00e9chenyi T\u0151kealap-kezel\u0151 Zrt.<\/td>\n<\/tr>\n<tr>\n<td valign=\"top\"><b>Tolna<\/b><\/td>\n<td valign=\"top\"><b>Mell\u00e1r Tam\u00e1s<\/b> k\u00f6zgazd\u00e1sz, statisztikus, egyetemi tan\u00e1r<\/td>\n<td valign=\"top\"><b>Ill\u00e9s Tam\u00e1s <\/b>eln\u00f6k,<br \/>Magyar V\u00e1llalkoz\u00f3i Szalon<\/td>\n<\/tr>\n<tr>\n<td valign=\"top\"><b>Vas<\/b><\/td>\n<td valign=\"top\"><b>Bierer G\u00e1bor<\/b> gazdas\u00e1gi f\u0151igazgat\u00f3, Berzsenyi D\u00e1niel F\u0151iskola<\/td>\n<td valign=\"top\"><b>Viniczay \u00c1rp\u00e1d<\/b> fi\u00f3kigazgat\u00f3,<br \/>CIB Bank Zrt.<\/td>\n<\/tr>\n<tr>\n<td valign=\"top\"><b>Veszpr\u00e9m<\/b><\/td>\n<td valign=\"top\"><strong>Neumann\u00e9 Vir\u00e1g Ildik\u00f3<\/strong> tansz\u00e9kvezet\u0151 egyetemi docens, Pannon Egyetem GTK Nemzetk\u00f6zi Gazdas\u00e1gtan Int\u00e9zeti Tansz\u00e9k<\/td>\n<td valign=\"top\"><strong>Konka Bogl\u00e1rka<\/strong> adjunktus, Pannon Egyetem GTK Nemzetk\u00f6zi Gazdas\u00e1gtan Int\u00e9zeti Tansz\u00e9k<\/td>\n<\/tr>\n<tr>\n<td valign=\"top\"><b>Zala<\/b><\/td>\n<td valign=\"top\"><strong>Bauer Arnold<\/strong> <br \/>\u00fcgyvezet\u0151 igazgat\u00f3, Zala M\u00fcllex Kft.<\/td>\n<td valign=\"top\"><strong>Lekszikov Kitti<\/strong> tan\u00e1rseg\u00e9d, Pannon Egyetem Gazd\u00e1lkod\u00e1si Kar<\/td>\n<\/tr>\n<\/tbody>\n<\/table>\n<p>[\/et_pb_text][\/et_pb_column][et_pb_column type=&#8221;1_3&#8243; _builder_version=&#8221;4.27.4&#8243; _module_preset=&#8221;default&#8221; global_colors_info=&#8221;{}&#8221;][et_pb_text _builder_version=&#8221;4.27.4&#8243; _dynamic_attributes=&#8221;link_option_url&#8221; _module_preset=&#8221;default&#8221; text_text_color=&#8221;#83b4e2&#8243; custom_margin=&#8221;||16px|||&#8221; link_option_url=&#8221;@ET-DC@eyJkeW5hbWljIjp0cnVlLCJjb250ZW50IjoicG9zdF9saW5rX3VybF9wYWdlIiwic2V0dGluZ3MiOnsicG9zdF9pZCI6IjYifX0=@&#8221; global_colors_info=&#8221;{}&#8221;]<\/p>\n<p>OFFICIALS<\/p>\n<p>[\/et_pb_text][et_pb_text _builder_version=&#8221;4.27.4&#8243; _dynamic_attributes=&#8221;link_option_url&#8221; _module_preset=&#8221;default&#8221; text_text_color=&#8221;#0064c1&#8243; custom_margin=&#8221;||16px|||&#8221; link_option_url=&#8221;@ET-DC@eyJkeW5hbWljIjp0cnVlLCJjb250ZW50IjoicG9zdF9saW5rX3VybF9wYWdlIiwic2V0dGluZ3MiOnsicG9zdF9pZCI6IjE0NyJ9fQ==@&#8221; custom_css_main_element=&#8221;position:relative;||left:1rem&#8221; global_colors_info=&#8221;{}&#8221;]<\/p>\n<p>PRESIDIUM AND SUPERVISORY BOARD<\/p>\n<p>[\/et_pb_text][et_pb_text _builder_version=&#8221;4.27.4&#8243; _dynamic_attributes=&#8221;link_option_url&#8221; _module_preset=&#8221;default&#8221; text_text_color=&#8221;#0064c1&#8243; custom_margin=&#8221;||16px|||&#8221; link_option_url=&#8221;@ET-DC@eyJkeW5hbWljIjp0cnVlLCJjb250ZW50IjoicG9zdF9saW5rX3VybF9wYWdlIiwic2V0dGluZ3MiOnsicG9zdF9pZCI6IjE0OSJ9fQ==@&#8221; custom_css_main_element=&#8221;position:relative;||left:1rem&#8221; text_text_shadow_style=&#8221;preset1&#8243; global_colors_info=&#8221;{}&#8221;]<\/p>\n<p>OFFICIALS OF THE LOCAL ORGANIZATIONS<\/p>\n<p>[\/et_pb_text][et_pb_text _builder_version=&#8221;4.27.4&#8243; _dynamic_attributes=&#8221;link_option_url&#8221; _module_preset=&#8221;default&#8221; text_text_color=&#8221;#0064c1&#8243; custom_margin=&#8221;||16px|||&#8221; link_option_url=&#8221;@ET-DC@eyJkeW5hbWljIjp0cnVlLCJjb250ZW50IjoicG9zdF9saW5rX3VybF9wYWdlIiwic2V0dGluZ3MiOnsicG9zdF9pZCI6IjE1MSJ9fQ==@&#8221; custom_css_main_element=&#8221;position:relative;||left:1rem&#8221; global_colors_info=&#8221;{}&#8221;]<\/p>\n<p>OFFICIALS OF THE SECTIONS<\/p>\n<p>[\/et_pb_text][et_pb_text _builder_version=&#8221;4.27.4&#8243; _dynamic_attributes=&#8221;link_option_url&#8221; _module_preset=&#8221;default&#8221; text_text_color=&#8221;#83b4e2&#8243; custom_margin=&#8221;||16px|||&#8221; link_option_url=&#8221;@ET-DC@eyJkeW5hbWljIjp0cnVlLCJjb250ZW50IjoicG9zdF9saW5rX3VybF9wYWdlIiwic2V0dGluZ3MiOnsicG9zdF9pZCI6IjE0MCJ9fQ==@&#8221; global_colors_info=&#8221;{}&#8221;]<\/p>\n<p>SECTIONS<\/p>\n<p>[\/et_pb_text][et_pb_text _builder_version=&#8221;4.27.4&#8243; _dynamic_attributes=&#8221;link_option_url&#8221; _module_preset=&#8221;default&#8221; text_text_color=&#8221;#83b4e2&#8243; custom_margin=&#8221;||16px|||&#8221; link_option_url=&#8221;@ET-DC@eyJkeW5hbWljIjp0cnVlLCJjb250ZW50IjoicG9zdF9saW5rX3VybF9wYWdlIiwic2V0dGluZ3MiOnsicG9zdF9pZCI6IjIyODYifX0=@&#8221; global_colors_info=&#8221;{}&#8221;]<\/p>\n<p>INTERNATIONAL RELATIONS<\/p>\n<p>[\/et_pb_text][et_pb_text _builder_version=&#8221;4.27.4&#8243; _dynamic_attributes=&#8221;link_option_url&#8221; _module_preset=&#8221;default&#8221; text_text_color=&#8221;#83b4e2&#8243; custom_margin=&#8221;||16px|||&#8221; link_option_url=&#8221;@ET-DC@eyJkeW5hbWljIjp0cnVlLCJjb250ZW50IjoicG9zdF9saW5rX3VybF9wYWdlIiwic2V0dGluZ3MiOnsicG9zdF9pZCI6IjEzOCJ9fQ==@&#8221; global_colors_info=&#8221;{}&#8221;]<\/p>\n<p>SECRATARIAT OF THE ASSOCIATION<\/p>\n<p>[\/et_pb_text][et_pb_text _builder_version=&#8221;4.27.4&#8243; _dynamic_attributes=&#8221;link_option_url&#8221; _module_preset=&#8221;default&#8221; text_text_color=&#8221;#83b4e2&#8243; custom_margin=&#8221;||16px|||&#8221; link_option_url=&#8221;@ET-DC@eyJkeW5hbWljIjp0cnVlLCJjb250ZW50IjoicG9zdF9saW5rX3VybF9wYWdlIiwic2V0dGluZ3MiOnsicG9zdF9pZCI6IjE1NyJ9fQ==@&#8221; global_colors_info=&#8221;{}&#8221;]<\/p>\n<p>CHARTER OF THE ASSOCIATION<\/p>\n<p>[\/et_pb_text][et_pb_text _builder_version=&#8221;4.27.4&#8243; _dynamic_attributes=&#8221;link_option_url&#8221; _module_preset=&#8221;default&#8221; text_text_color=&#8221;#83b4e2&#8243; custom_margin=&#8221;||16px|||&#8221; link_option_url=&#8221;@ET-DC@eyJkeW5hbWljIjp0cnVlLCJjb250ZW50IjoicG9zdF9saW5rX3VybF9wYWdlIiwic2V0dGluZ3MiOnsicG9zdF9pZCI6IjQ4MDIifX0=@&#8221; global_colors_info=&#8221;{}&#8221;]<\/p>\n<p>PRIVACY POLICY AND INFORMATION NOTICE<\/p>\n<p>[\/et_pb_text][et_pb_text _builder_version=&#8221;4.27.4&#8243; _dynamic_attributes=&#8221;link_option_url&#8221; _module_preset=&#8221;default&#8221; text_text_color=&#8221;#83b4e2&#8243; custom_margin=&#8221;||16px|||&#8221; link_option_url=&#8221;@ET-DC@eyJkeW5hbWljIjp0cnVlLCJjb250ZW50IjoicG9zdF9saW5rX3VybF9wYWdlIiwic2V0dGluZ3MiOnsicG9zdF9pZCI6IjE2MSJ9fQ==@&#8221; global_colors_info=&#8221;{}&#8221;]<\/p>\n<p>YEARLY REPORTS<\/p>\n<p>[\/et_pb_text][et_pb_text _builder_version=&#8221;4.27.4&#8243; _dynamic_attributes=&#8221;link_option_url&#8221; _module_preset=&#8221;default&#8221; text_text_color=&#8221;#83b4e2&#8243; custom_margin=&#8221;||16px|||&#8221; link_option_url=&#8221;@ET-DC@eyJkeW5hbWljIjp0cnVlLCJjb250ZW50IjoicG9zdF9saW5rX3VybF9wYWdlIiwic2V0dGluZ3MiOnsicG9zdF9pZCI6IjM1NzcifX0=@&#8221; global_colors_info=&#8221;{}&#8221;]<\/p>\n<p>MINUTES OF THE BUREAU MEETINGS<\/p>\n<p>[\/et_pb_text][et_pb_text _builder_version=&#8221;4.27.4&#8243; _dynamic_attributes=&#8221;link_option_url&#8221; _module_preset=&#8221;default&#8221; text_text_color=&#8221;#83b4e2&#8243; custom_margin=&#8221;||16px|||&#8221; link_option_url=&#8221;@ET-DC@eyJkeW5hbWljIjp0cnVlLCJjb250ZW50IjoicG9zdF9saW5rX3VybF9wYWdlIiwic2V0dGluZ3MiOnsicG9zdF9pZCI6IjE5NzIifX0=@&#8221; global_colors_info=&#8221;{}&#8221;]<\/p>\n<p>1% OF THE INCOME TAXES<\/p>\n<p>[\/et_pb_text][et_pb_text _builder_version=&#8221;4.27.4&#8243; _dynamic_attributes=&#8221;link_option_url&#8221; _module_preset=&#8221;default&#8221; text_text_color=&#8221;#83b4e2&#8243; custom_margin=&#8221;||16px|||&#8221; link_option_url=&#8221;@ET-DC@eyJkeW5hbWljIjp0cnVlLCJjb250ZW50IjoicG9zdF9saW5rX3VybF9wYWdlIiwic2V0dGluZ3MiOnsicG9zdF9pZCI6IjE2MyJ9fQ==@&#8221; global_colors_info=&#8221;{}&#8221;]<\/p>\n<p>ENTRY FORM<\/p>\n<p>[\/et_pb_text][et_pb_text _builder_version=&#8221;4.27.4&#8243; _dynamic_attributes=&#8221;link_option_url&#8221; _module_preset=&#8221;default&#8221; text_text_color=&#8221;#0064c1&#8243; custom_margin=&#8221;||16px|||&#8221; link_option_url=&#8221;@ET-DC@eyJkeW5hbWljIjp0cnVlLCJjb250ZW50IjoicG9zdF9saW5rX3VybF9wYWdlIiwic2V0dGluZ3MiOnsicG9zdF9pZCI6IjM1OSJ9fQ==@&#8221; custom_css_main_element=&#8221;position:relative;||left:1rem&#8221; global_colors_info=&#8221;{}&#8221;]<\/p>\n<p>FOR INDIVIDUALS<\/p>\n<p>[\/et_pb_text][et_pb_text _builder_version=&#8221;4.27.4&#8243; _dynamic_attributes=&#8221;link_option_url&#8221; _module_preset=&#8221;default&#8221; text_text_color=&#8221;#0064c1&#8243; custom_margin=&#8221;||16px|||&#8221; link_option_url=&#8221;@ET-DC@eyJkeW5hbWljIjp0cnVlLCJjb250ZW50IjoicG9zdF9saW5rX3VybF9wYWdlIiwic2V0dGluZ3MiOnsicG9zdF9pZCI6IjM3NiJ9fQ==@&#8221; custom_css_main_element=&#8221;position:relative;||left:1rem&#8221; global_colors_info=&#8221;{}&#8221;]<\/p>\n<p>FOR LEGAL PERSONS<\/p>\n<p>[\/et_pb_text][et_pb_text _builder_version=&#8221;4.27.4&#8243; _dynamic_attributes=&#8221;link_option_url&#8221; _module_preset=&#8221;default&#8221; text_text_color=&#8221;#83b4e2&#8243; custom_margin=&#8221;||16px|||&#8221; link_option_url=&#8221;@ET-DC@eyJkeW5hbWljIjp0cnVlLCJjb250ZW50IjoicG9zdF9saW5rX3VybF9wYWdlIiwic2V0dGluZ3MiOnsicG9zdF9pZCI6IjE2NSJ9fQ==@&#8221; global_colors_info=&#8221;{}&#8221;]<\/p>\n<p>DATA RECONCILIATION FORM<\/p>\n<p>[\/et_pb_text][et_pb_text _builder_version=&#8221;4.27.4&#8243; _dynamic_attributes=&#8221;link_option_url&#8221; _module_preset=&#8221;default&#8221; text_text_color=&#8221;#83b4e2&#8243; custom_margin=&#8221;||16px|||&#8221; link_option_url=&#8221;@ET-DC@eyJkeW5hbWljIjp0cnVlLCJjb250ZW50IjoicG9zdF9saW5rX3VybF9wYWdlIiwic2V0dGluZ3MiOnsicG9zdF9pZCI6IjE3In19@&#8221; global_colors_info=&#8221;{}&#8221;]<\/p>\n<p>PERIODICAL<\/p>\n<p>[\/et_pb_text][et_pb_text _builder_version=&#8221;4.27.4&#8243; _dynamic_attributes=&#8221;link_option_url&#8221; _module_preset=&#8221;default&#8221; text_text_color=&#8221;#83b4e2&#8243; custom_margin=&#8221;||16px|||&#8221; link_option_url=&#8221;@ET-DC@eyJkeW5hbWljIjp0cnVlLCJjb250ZW50IjoicG9zdF9saW5rX3VybF9wYWdlIiwic2V0dGluZ3MiOnsicG9zdF9pZCI6IjE1OSJ9fQ==@&#8221; global_colors_info=&#8221;{}&#8221;]<\/p>\n<p>PARTNER SITES<\/p>\n<p>[\/et_pb_text][\/et_pb_column][\/et_pb_row][\/et_pb_section]<\/p>","protected":false},"excerpt":{"rendered":"<p>Az MKT megyei \u00e9s v\u00e1rosi szervezeteinek eln\u00f6kei \u00e9s titk\u00e1rai MEGYEI SZERVEZET ELN\u00d6K TITK\u00c1R B\u00e1cs-Kiskun Finta Zita\u00a0campus-f\u0151igazgat\u00f3,Nemzeti K\u00f6zszolg\u00e1lati Egyetem K\u00e1d\u00e1rn\u00e9 Balla Anita\u00a0\u00fcgyviv\u0151 szak\u00e9rt\u0151,Neumann J\u00e1nos Egyetem Baranya L\u00e1ng R\u00f3bert diszponens,Adval Tech QSCH Harkai Patr\u00edcia Lilla hallgat\u00f3,P\u00e9csi Tudom\u00e1nyegyetem B\u00e9k\u00e9s K\u00e1sa Istv\u00e1n Zolt\u00e1n \u00fcgyvezet\u0151 igazgat\u00f3, Marzek Kner Packaging Kft. Moln\u00e1r Tam\u00e1s, CIB Bank Zrt. Borsod-Aba\u00faj-Zempl\u00e9n Bihall Tam\u00e1s eln\u00f6k, Borsod-Aba\u00faj-Zempl\u00e9n [&hellip;]<\/p>","protected":false},"author":1,"featured_media":0,"parent":6,"menu_order":0,"comment_status":"closed","ping_status":"closed","template":"","meta":{"_et_pb_use_builder":"on","_et_pb_old_content":"[fusion_builder_container hundred_percent=\"yes\" overflow=\"visible\" type=\"legacy\"][fusion_builder_row][fusion_builder_column type=\"1_1\" layout=\"1_1\" background_position=\"left top\" background_color=\"\" border_color=\"\" border_style=\"solid\" spacing=\"yes\" background_image=\"\" background_repeat=\"no-repeat\" padding_top=\"\" padding_right=\"\" padding_bottom=\"\" padding_left=\"\" margin_top=\"0px\" margin_bottom=\"0px\" class=\"\" id=\"\" animation_type=\"\" animation_speed=\"0.3\" animation_direction=\"left\" hide_on_mobile=\"no\" center_content=\"no\" min_height=\"none\" last=\"true\" hover_type=\"none\" link=\"\" border_position=\"all\" align_self=\"flex-start\" border_sizes_top=\"\" border_sizes_bottom=\"\" border_sizes_left=\"\" border_sizes_right=\"\" first=\"true\"][\/fusion_builder_column][\/fusion_builder_row][\/fusion_builder_container][fusion_builder_container background_color=\"\" background_image=\"\" background_parallax=\"none\" enable_mobile=\"no\" parallax_speed=\"0.3\" background_repeat=\"no-repeat\" background_position=\"left top\" video_url=\"\" video_aspect_ratio=\"16:9\" video_webm=\"\" video_mp4=\"\" video_ogv=\"\" video_preview_image=\"\" overlay_color=\"\" video_mute=\"yes\" video_loop=\"yes\" fade=\"no\" border_color=\"\" border_style=\"solid\" padding_top=\"5\" padding_bottom=\"20\" padding_left=\"0\" padding_right=\"0\" hundred_percent=\"no\" equal_height_columns=\"no\" hide_on_mobile=\"no\" menu_anchor=\"\" class=\"\" id=\"\" type=\"legacy\" border_sizes_top=\"0px\" border_sizes_bottom=\"0px\" border_sizes_left=\"0px\" border_sizes_right=\"0px\"][fusion_builder_row][fusion_builder_column type=\"1_1\" layout=\"1_1\" background_position=\"left top\" background_color=\"\" border_color=\"\" border_style=\"solid\" spacing=\"yes\" background_image=\"\" background_repeat=\"no-repeat\" padding_top=\"\" padding_right=\"\" padding_bottom=\"\" padding_left=\"\" margin_top=\"0px\" margin_bottom=\"0px\" class=\"\" id=\"\" animation_type=\"\" animation_speed=\"0.3\" animation_direction=\"left\" hide_on_mobile=\"no\" center_content=\"no\" min_height=\"none\" last=\"true\" hover_type=\"none\" link=\"\" border_position=\"all\" align_self=\"flex-start\" border_sizes_top=\"\" border_sizes_bottom=\"\" border_sizes_left=\"\" border_sizes_right=\"\" first=\"true\"][fusion_title margin_top=\"\" margin_bottom=\"\" hide_on_mobile=\"small-visibility,medium-visibility,large-visibility\" class=\"\" id=\"\" size=\"2\" content_align=\"left\" style_type=\"underline solid\" sep_color=\"#1e73be\"]\r\n\r\n<strong>Presidents and secretaries of HEA\u2019s regional organisations<\/strong>\r\n\r\n[\/fusion_title][fusion_text columns=\"\" column_min_width=\"\" column_spacing=\"\" rule_style=\"default\" rule_size=\"\" rule_color=\"\" content_alignment_medium=\"\" content_alignment_small=\"\" content_alignment=\"\" hide_on_mobile=\"small-visibility,medium-visibility,large-visibility\" sticky_display=\"normal,sticky\" class=\"\" id=\"\" margin_top=\"\" margin_right=\"\" margin_bottom=\"\" margin_left=\"\" font_size=\"\" fusion_font_family_text_font=\"\" fusion_font_variant_text_font=\"\" line_height=\"\" letter_spacing=\"\" text_color=\"\" animation_type=\"\" animation_direction=\"left\" animation_speed=\"0.3\" animation_offset=\"\"]\r\n<table class=\"county_org\" border=\"0\" cellspacing=\"0\" cellpadding=\"5\">\r\n<tbody>\r\n<tr>\r\n<td valign=\"top\">County organisation<\/td>\r\n<td valign=\"top\">President<\/td>\r\n<td valign=\"top\">Secretary<\/td>\r\n<\/tr>\r\n<tr>\r\n<td valign=\"top\"><b>B\u00e1cs-Kiskun County<\/b><\/td>\r\n<td valign=\"top\"><b>Zita Finta,<\/b>\r\nChancellor, Pallas Ath\u00e9n\u00e9 University<\/td>\r\n<td valign=\"top\"><b>Anita Balla K\u00e1d\u00e1rn\u00e9,<\/b>\r\nCouncil Administrator-Expert, Pallas Ath\u00e9n\u00e9 University<\/td>\r\n<\/tr>\r\n<tr>\r\n<td valign=\"top\"><b>Baranya County<\/b><\/td>\r\n<td valign=\"top\"><b>R\u00f3bert L\u00e1ng<\/b>\r\ndisponent, Adval Tech QSCH<\/td>\r\n<td valign=\"top\"><b>Patr\u00edcia Lilla Harkai,<\/b>\r\nstudent, University of P\u00e9cs<\/td>\r\n<\/tr>\r\n<tr>\r\n<td valign=\"top\"><b>B\u00e9k\u00e9s County<\/b><\/td>\r\n<td valign=\"top\"><b>Istv\u00e1n Zolt\u00e1n K\u00e1sa,<\/b>\r\nManaging Director, Marzek Kner Packaging Kft.<\/td>\r\n<td valign=\"top\"><b>Tam\u00e1s Moln\u00e1r,<\/b>\r\nCIB Bank Zrt.<\/td>\r\n<\/tr>\r\n<tr>\r\n<td valign=\"top\"><b>Borsod-Aba\u00faj-Zempl\u00e9n County<\/b><\/td>\r\n<td valign=\"top\"><b>Tam\u00e1s Bihall,<\/b>\r\nPresident, Chamber of Commerce and Industry, Borsod-Aba\u00faj-Zempl\u00e9n County<\/td>\r\n<td valign=\"top\"><b>Anna Szit\u00e1rcsik,<\/b>\r\nretired economist<\/td>\r\n<\/tr>\r\n<tr>\r\n<td valign=\"top\"><b>Csongr\u00e1d County<\/b><\/td>\r\n<td valign=\"top\"><b>Tam\u00e1s Troj\u00e1n,<\/b>\r\nEconomic Analyst, National Bank of Hungary<\/td>\r\n<td valign=\"top\"><strong>M\u00f3nika Farle<\/strong> Inspector, National Tax and Customs Administration Csongr\u00e1d-Csan\u00e1d County Directorate<\/td>\r\n<\/tr>\r\n<tr>\r\n<td valign=\"top\"><b>Fej\u00e9r County<\/b><\/td>\r\n<td valign=\"top\"><b>L\u00e1szl\u00f3 Madar\u00e1sz<\/b>\r\nCEO, Korona Zrt.<\/td>\r\n<td valign=\"top\"><b>R\u00f3bert L\u00e1szl\u00f3<\/b>\r\nKorona Zrt.<\/td>\r\n<\/tr>\r\n<tr>\r\n<td valign=\"top\"><b>Gy\u0151r-Moson-Sopron County<\/b><\/td>\r\n<td valign=\"top\"><b>B\u00e1lint Lac\u00f3,<\/b>\r\nDirector, Regional Directorate of Hungarian State Treasury, Gy\u0151r-Moson-Sopron County<\/td>\r\n<td valign=\"top\"><strong>L\u00e1szl\u00f3 Buics<\/strong> Assistant Professor\r\nSz\u00e9chenyi Istv\u00e1n University<\/td>\r\n<\/tr>\r\n<tr>\r\n<td valign=\"top\"><b>Hajd\u00fa-Bihar County<\/b><\/td>\r\n<td valign=\"top\"><b>Andr\u00e1s N\u00e1br\u00e1di,<\/b>\r\nDeputy Rector for Strategy, University of Debrecen<\/td>\r\n<td valign=\"top\"><b>Andr\u00e1s Teleki,<\/b>\r\nChief Accountant, Hajd\u00fa Vol\u00e1n Zrt.<\/td>\r\n<\/tr>\r\n<tr>\r\n<td valign=\"top\"><b>Heves County<\/b><\/td>\r\n<td valign=\"top\"><b>S\u00e1ndor Csontos, <\/b>financial advisor, Magyar Gomba Kert\u00e9sz Kft.<\/td>\r\n<td valign=\"top\"><b>Gabriella So\u00f3s,<\/b>\r\nLecturer, E\u00f6tv\u00f6s Lor\u00e1nd University<\/td>\r\n<\/tr>\r\n<tr>\r\n<td valign=\"top\"><b>J\u00e1sz-Nagykun-Szolnok County<\/b><\/td>\r\n<td valign=\"top\"><b>Zsolt Bischof,<\/b>\r\nDirector, B\u00e9res Gy\u00f3gyszergy\u00e1r Zrt.<\/td>\r\n<td valign=\"top\"><b>Ferenc Sz\u0171cs,<\/b>\r\nretired bank manager<\/td>\r\n<\/tr>\r\n<tr>\r\n<td valign=\"top\"><b>City of Nagykanizsa<\/b><\/td>\r\n<td valign=\"top\"><strong>Nikoletta T\u00f3th-Kasz\u00e1s<\/strong>, campus director,\r\nUniversity of Pannonia, Nagykanizsa Campus<\/td>\r\n<td valign=\"top\"><strong>P\u00e9ter Kereskai<\/strong> Secretary, Nagykanizsa Chamber of Commerce and Industry<\/td>\r\n<\/tr>\r\n<tr>\r\n<td valign=\"top\"><b>Somogy County<\/b><\/td>\r\n<td valign=\"top\"><b>Anett Par\u00e1di-Dolgos<\/b>\r\nDean, Kaposv\u00e1r University, Faculty of Economic Science<\/td>\r\n<td valign=\"top\"><b>J\u00f3zsef Varga,<\/b>\r\nAssociate Professor, Kaposv\u00e1r University, Faculty of Economic Science<\/td>\r\n<\/tr>\r\n<tr>\r\n<td valign=\"top\"><b>Szabolcs-Szatm\u00e1r-Bereg County<\/b><\/td>\r\n<td valign=\"top\"><b>Zolt\u00e1n M\u00e1di,<\/b>\r\nCFO, V\u00edgsz\u00ednh\u00e1z<\/td>\r\n<td valign=\"top\"><b>T\u00fcnde Hars\u00e1gi,<\/b>\r\nDirector, Sz\u00e9chenyi Capital Fund Management<\/td>\r\n<\/tr>\r\n<tr>\r\n<td valign=\"top\"><b>Tolna County<\/b><\/td>\r\n<td valign=\"top\"><b>Tam\u00e1s Mell\u00e1r,<\/b>\r\nProfessor, Economist, Statistician<\/td>\r\n<td valign=\"top\"><b>Tam\u00e1s Ill\u00e9s,<\/b>\r\nPresident, Hungarian Entrepreneurs\u2019 Salon<\/td>\r\n<\/tr>\r\n<tr>\r\n<td valign=\"top\"><b>Vas County<\/b><\/td>\r\n<td valign=\"top\"><b>G\u00e1bor Bierer,<\/b>\r\nChief Financial Officer, Berzsenyi D\u00e1niel College<\/td>\r\n<td valign=\"top\"><b>\u00c1rp\u00e1d Viniczay,<\/b>\r\nDirector of Branch, CIB Bank Zrt.<\/td>\r\n<\/tr>\r\n<tr>\r\n<td valign=\"top\"><b>Veszpr\u00e9m County<\/b><\/td>\r\n<td valign=\"top\"><strong>Ildik\u00f3 Neumann\u00e9 Vir\u00e1g<\/strong>, Associate Professor,Director, Institute of International Economics, University of Pannonia<\/td>\r\n<td valign=\"top\"><b>Bogl\u00e1rka Konka,<\/b>\r\nAdjunct Professor, Department of International Economics, University of Pannonia<\/td>\r\n<\/tr>\r\n<tr>\r\n<td valign=\"top\"><b>Zala County<\/b><\/td>\r\n<td valign=\"top\"><b>L\u00e1szl\u00f3 Berta,<\/b>\r\nCEO, ZALACO S\u00fct\u0151ipari Zrt.<\/td>\r\n<td valign=\"top\"><strong>Judit Katalin Fejes<\/strong>, Master teacher\r\nUniversity of Pannonia, Faculty of Business Administration, Zalaegerszeg<\/td>\r\n<\/tr>\r\n<\/tbody>\r\n<\/table>\r\n[\/fusion_text][\/fusion_builder_column][\/fusion_builder_row][\/fusion_builder_container][fusion_builder_container hundred_percent=\"yes\" overflow=\"visible\" type=\"legacy\"][fusion_builder_row][fusion_builder_column type=\"1_1\" layout=\"1_1\" background_position=\"left top\" background_color=\"\" border_color=\"\" border_style=\"solid\" spacing=\"yes\" background_image=\"\" background_repeat=\"no-repeat\" padding_top=\"\" padding_right=\"\" padding_bottom=\"\" padding_left=\"\" margin_top=\"0px\" margin_bottom=\"0px\" class=\"\" id=\"\" animation_type=\"\" animation_speed=\"0.3\" animation_direction=\"left\" hide_on_mobile=\"no\" center_content=\"no\" min_height=\"none\" last=\"true\" hover_type=\"none\" link=\"\" border_position=\"all\" align_self=\"flex-start\" border_sizes_top=\"\" border_sizes_bottom=\"\" border_sizes_left=\"\" border_sizes_right=\"\" first=\"true\"][\/fusion_builder_column][\/fusion_builder_row][\/fusion_builder_container]","_et_gb_content_width":"","footnotes":""},"class_list":["post-149","page","type-page","status-publish","hentry"],"publishpress_future_workflow_manual_trigger":{"enabledWorkflows":[]},"_links":{"self":[{"href":"https:\/\/mkt.hu\/en\/wp-json\/wp\/v2\/pages\/149","targetHints":{"allow":["GET"]}}],"collection":[{"href":"https:\/\/mkt.hu\/en\/wp-json\/wp\/v2\/pages"}],"about":[{"href":"https:\/\/mkt.hu\/en\/wp-json\/wp\/v2\/types\/page"}],"author":[{"embeddable":true,"href":"https:\/\/mkt.hu\/en\/wp-json\/wp\/v2\/users\/1"}],"replies":[{"embeddable":true,"href":"https:\/\/mkt.hu\/en\/wp-json\/wp\/v2\/comments?post=149"}],"version-history":[{"count":2,"href":"https:\/\/mkt.hu\/en\/wp-json\/wp\/v2\/pages\/149\/revisions"}],"predecessor-version":[{"id":17569,"href":"https:\/\/mkt.hu\/en\/wp-json\/wp\/v2\/pages\/149\/revisions\/17569"}],"up":[{"embeddable":true,"href":"https:\/\/mkt.hu\/en\/wp-json\/wp\/v2\/pages\/6"}],"wp:attachment":[{"href":"https:\/\/mkt.hu\/en\/wp-json\/wp\/v2\/media?parent=149"}],"curies":[{"name":"wp","href":"https:\/\/api.w.org\/{rel}","templated":true}]}}