{"id":1972,"date":"2015-10-26T16:05:16","date_gmt":"2015-10-26T15:05:16","guid":{"rendered":"http:\/\/www.mkt.hu\/?page_id=1972"},"modified":"2025-09-13T10:52:15","modified_gmt":"2025-09-13T08:52:15","slug":"egyszazalek","status":"publish","type":"page","link":"https:\/\/mkt.hu\/en\/egyszazalek\/","title":{"rendered":"ONE PERCENT"},"content":{"rendered":"<p>[et_pb_section fb_built=&#8221;1&#8243; _builder_version=&#8221;4.27.4&#8243; _module_preset=&#8221;default&#8221; custom_padding=&#8221;0px||||false|false&#8221; global_colors_info=&#8221;{}&#8221;][et_pb_row column_structure=&#8221;2_3,1_3&#8243; use_custom_gutter=&#8221;on&#8221; gutter_width=&#8221;4&#8243; _builder_version=&#8221;4.27.4&#8243; _module_preset=&#8221;default&#8221; width=&#8221;90%&#8221; max_width=&#8221;none&#8221; locked=&#8221;off&#8221; global_colors_info=&#8221;{}&#8221;][et_pb_column type=&#8221;2_3&#8243; _builder_version=&#8221;4.27.4&#8243; _module_preset=&#8221;default&#8221; global_colors_info=&#8221;{}&#8221;][et_pb_text _builder_version=&#8221;4.27.4&#8243; _module_preset=&#8221;default&#8221; custom_margin=&#8221;||0px||false|false&#8221; custom_padding=&#8221;||0px||false|false&#8221; global_colors_info=&#8221;{}&#8221;]<\/p>\n<div class=\"fusion-title title fusion-title-1 sep-underline sep-solid fusion-title-text fusion-title-size-two\">\n<h2 class=\"title-heading-left fusion-responsive-typography-calculated\" data-fontsize=\"18\" data-lineheight=\"27px\"><strong>ONE PERCENT<\/strong><\/h2>\n<\/div>\n<p>[\/et_pb_text][et_pb_divider color=&#8221;#000000&#8243; _builder_version=&#8221;4.27.4&#8243; _module_preset=&#8221;default&#8221; custom_margin=&#8221;0px||0px||false|false&#8221; custom_padding=&#8221;0px||0px||false|false&#8221; global_colors_info=&#8221;{}&#8221;][\/et_pb_divider][et_pb_blurb image=&#8221;https:\/\/mkt.hu\/wp-content\/uploads\/2015\/10\/1szazalek.png&#8221; image_icon_width=&#8221;50%&#8221; content_max_width=&#8221;90%&#8221; _builder_version=&#8221;4.27.4&#8243; _module_preset=&#8221;default&#8221; width=&#8221;100%&#8221; border_radii_image=&#8221;on|10px|10px|10px|10px&#8221; global_colors_info=&#8221;{}&#8221;]<\/p>\n<p>The Hungarian Economic Association is a non-profit organisation, tax number: <strong>19007971-2-41<\/strong>It would be appreciated if you could offer your 1% of personal income tax to the HEA, which would be used for financing our professional and scientific activities. Thank you in advance for sharing this number with colleagues and family members as well!<\/p>\n<p>A Nemzeti Ad\u00f3- \u00e9s V\u00e1mhivatalt\u00f3l kapott t\u00e1j\u00e9koztat\u00e1s szerint a 2024. \u00e9vi szem\u00e9lyi j\u00f6vedelemad\u00f3 1 sz\u00e1zal\u00e9k\u00e1b\u00f3l a Magyar K\u00f6zgazdas\u00e1gi T\u00e1rsas\u00e1g szakmai tev\u00e9kenys\u00e9g\u00e9nek t\u00e1mogat\u00e1s\u00e1ra 2025 tavasz\u00e1n \u00f6sszesen <strong>1 milli\u00f3 264 ezer 810 forintot<\/strong> aj\u00e1nlottak fel az ad\u00f3z\u00f3k.<\/p>\n<p>A felaj\u00e1nl\u00e1sokat ez\u00faton is nagyon k\u00f6sz\u00f6nj\u00fck \u2013 sz\u00e1mottev\u0151 seg\u00edts\u00e9g ez k\u00f6zhaszn\u00fa egyes\u00fclet\u00fcnk m\u0171k\u00f6d\u00e9s\u00e9nek finansz\u00edroz\u00e1s\u00e1ban! Az egysz\u00e1zal\u00e9kokra nagyon sz\u00e1m\u00edtunk majd 2026 tavasz\u00e1n is.<strong><\/strong><\/p>\n<p>[\/et_pb_blurb][\/et_pb_column][et_pb_column type=&#8221;1_3&#8243; _builder_version=&#8221;4.27.4&#8243; _module_preset=&#8221;default&#8221; global_colors_info=&#8221;{}&#8221;][et_pb_text _builder_version=&#8221;4.27.4&#8243; _dynamic_attributes=&#8221;link_option_url&#8221; _module_preset=&#8221;default&#8221; text_text_color=&#8221;#83b4e2&#8243; custom_margin=&#8221;||16px|||&#8221; link_option_url=&#8221;@ET-DC@eyJkeW5hbWljIjp0cnVlLCJjb250ZW50IjoicG9zdF9saW5rX3VybF9wYWdlIiwic2V0dGluZ3MiOnsicG9zdF9pZCI6IjYifX0=@&#8221; global_colors_info=&#8221;{}&#8221;]<\/p>\n<p>OFFICIALS<\/p>\n<p>[\/et_pb_text][et_pb_text _builder_version=&#8221;4.27.4&#8243; _dynamic_attributes=&#8221;link_option_url&#8221; _module_preset=&#8221;default&#8221; text_text_color=&#8221;#0064c1&#8243; custom_margin=&#8221;||16px|||&#8221; link_option_url=&#8221;@ET-DC@eyJkeW5hbWljIjp0cnVlLCJjb250ZW50IjoicG9zdF9saW5rX3VybF9wYWdlIiwic2V0dGluZ3MiOnsicG9zdF9pZCI6IjE0NyJ9fQ==@&#8221; custom_css_main_element=&#8221;position:relative;||left:1rem&#8221; global_colors_info=&#8221;{}&#8221;]<\/p>\n<p>PRESIDIUM AND SUPERVISORY BOARD<\/p>\n<p>[\/et_pb_text][et_pb_text _builder_version=&#8221;4.27.4&#8243; _dynamic_attributes=&#8221;link_option_url&#8221; _module_preset=&#8221;default&#8221; text_text_color=&#8221;#0064c1&#8243; custom_margin=&#8221;||16px|||&#8221; link_option_url=&#8221;@ET-DC@eyJkeW5hbWljIjp0cnVlLCJjb250ZW50IjoicG9zdF9saW5rX3VybF9wYWdlIiwic2V0dGluZ3MiOnsicG9zdF9pZCI6IjE0OSJ9fQ==@&#8221; custom_css_main_element=&#8221;position:relative;||left:1rem&#8221; global_colors_info=&#8221;{}&#8221;]<\/p>\n<p>OFFICIALS OF THE LOCAL ORGANIZATIONS<\/p>\n<p>[\/et_pb_text][et_pb_text _builder_version=&#8221;4.27.4&#8243; _dynamic_attributes=&#8221;link_option_url&#8221; _module_preset=&#8221;default&#8221; text_text_color=&#8221;#0064c1&#8243; custom_margin=&#8221;||16px|||&#8221; link_option_url=&#8221;@ET-DC@eyJkeW5hbWljIjp0cnVlLCJjb250ZW50IjoicG9zdF9saW5rX3VybF9wYWdlIiwic2V0dGluZ3MiOnsicG9zdF9pZCI6IjE1MSJ9fQ==@&#8221; custom_css_main_element=&#8221;position:relative;||left:1rem&#8221; global_colors_info=&#8221;{}&#8221;]<\/p>\n<p>OFFICIALS OF THE SECTIONS<\/p>\n<p>[\/et_pb_text][et_pb_text _builder_version=&#8221;4.27.4&#8243; _dynamic_attributes=&#8221;link_option_url&#8221; _module_preset=&#8221;default&#8221; text_text_color=&#8221;#83b4e2&#8243; custom_margin=&#8221;||16px|||&#8221; link_option_url=&#8221;@ET-DC@eyJkeW5hbWljIjp0cnVlLCJjb250ZW50IjoicG9zdF9saW5rX3VybF9wYWdlIiwic2V0dGluZ3MiOnsicG9zdF9pZCI6IjE0MCJ9fQ==@&#8221; global_colors_info=&#8221;{}&#8221;]<\/p>\n<p>SECTIONS<\/p>\n<p>[\/et_pb_text][et_pb_text _builder_version=&#8221;4.27.4&#8243; _dynamic_attributes=&#8221;link_option_url&#8221; _module_preset=&#8221;default&#8221; text_text_color=&#8221;#83b4e2&#8243; custom_margin=&#8221;||16px|||&#8221; link_option_url=&#8221;@ET-DC@eyJkeW5hbWljIjp0cnVlLCJjb250ZW50IjoicG9zdF9saW5rX3VybF9wYWdlIiwic2V0dGluZ3MiOnsicG9zdF9pZCI6IjIyODYifX0=@&#8221; global_colors_info=&#8221;{}&#8221;]<\/p>\n<p>INTERNATIONAL RELATIONS<\/p>\n<p>[\/et_pb_text][et_pb_text _builder_version=&#8221;4.27.4&#8243; _dynamic_attributes=&#8221;link_option_url&#8221; _module_preset=&#8221;default&#8221; text_text_color=&#8221;#83b4e2&#8243; custom_margin=&#8221;||16px|||&#8221; link_option_url=&#8221;@ET-DC@eyJkeW5hbWljIjp0cnVlLCJjb250ZW50IjoicG9zdF9saW5rX3VybF9wYWdlIiwic2V0dGluZ3MiOnsicG9zdF9pZCI6IjEzOCJ9fQ==@&#8221; global_colors_info=&#8221;{}&#8221;]<\/p>\n<p>SECRATARIAT OF THE ASSOCIATION<\/p>\n<p>[\/et_pb_text][et_pb_text _builder_version=&#8221;4.27.4&#8243; _dynamic_attributes=&#8221;link_option_url&#8221; _module_preset=&#8221;default&#8221; text_text_color=&#8221;#83b4e2&#8243; custom_margin=&#8221;||16px|||&#8221; link_option_url=&#8221;@ET-DC@eyJkeW5hbWljIjp0cnVlLCJjb250ZW50IjoicG9zdF9saW5rX3VybF9wYWdlIiwic2V0dGluZ3MiOnsicG9zdF9pZCI6IjE1NyJ9fQ==@&#8221; global_colors_info=&#8221;{}&#8221;]<\/p>\n<p>CHARTER OF THE ASSOCIATION<\/p>\n<p>[\/et_pb_text][et_pb_text _builder_version=&#8221;4.27.4&#8243; _dynamic_attributes=&#8221;link_option_url&#8221; _module_preset=&#8221;default&#8221; text_text_color=&#8221;#83b4e2&#8243; custom_margin=&#8221;||16px|||&#8221; link_option_url=&#8221;@ET-DC@eyJkeW5hbWljIjp0cnVlLCJjb250ZW50IjoicG9zdF9saW5rX3VybF9wYWdlIiwic2V0dGluZ3MiOnsicG9zdF9pZCI6IjQ4MDIifX0=@&#8221; global_colors_info=&#8221;{}&#8221;]<\/p>\n<p>PRIVACY POLICY AND INFORMATION NOTICE<\/p>\n<p>[\/et_pb_text][et_pb_text _builder_version=&#8221;4.27.4&#8243; _dynamic_attributes=&#8221;link_option_url&#8221; _module_preset=&#8221;default&#8221; text_text_color=&#8221;#83b4e2&#8243; custom_margin=&#8221;||16px|||&#8221; link_option_url=&#8221;@ET-DC@eyJkeW5hbWljIjp0cnVlLCJjb250ZW50IjoicG9zdF9saW5rX3VybF9wYWdlIiwic2V0dGluZ3MiOnsicG9zdF9pZCI6IjE2MSJ9fQ==@&#8221; global_colors_info=&#8221;{}&#8221;]<\/p>\n<p>YEARLY REPORTS<\/p>\n<p>[\/et_pb_text][et_pb_text _builder_version=&#8221;4.27.4&#8243; _dynamic_attributes=&#8221;link_option_url&#8221; _module_preset=&#8221;default&#8221; text_text_color=&#8221;#83b4e2&#8243; custom_margin=&#8221;||16px|||&#8221; link_option_url=&#8221;@ET-DC@eyJkeW5hbWljIjp0cnVlLCJjb250ZW50IjoicG9zdF9saW5rX3VybF9wYWdlIiwic2V0dGluZ3MiOnsicG9zdF9pZCI6IjM1NzcifX0=@&#8221; global_colors_info=&#8221;{}&#8221;]<\/p>\n<p>MINUTES OF THE BUREAU MEETINGS<\/p>\n<p>[\/et_pb_text][et_pb_text _builder_version=&#8221;4.27.4&#8243; _dynamic_attributes=&#8221;link_option_url&#8221; _module_preset=&#8221;default&#8221; text_text_color=&#8221;#83b4e2&#8243; custom_margin=&#8221;||16px|||&#8221; link_option_url=&#8221;@ET-DC@eyJkeW5hbWljIjp0cnVlLCJjb250ZW50IjoicG9zdF9saW5rX3VybF9wYWdlIiwic2V0dGluZ3MiOnsicG9zdF9pZCI6IjE5NzIifX0=@&#8221; text_text_shadow_style=&#8221;preset1&#8243; global_colors_info=&#8221;{}&#8221;]<\/p>\n<p>1% OF THE INCOME TAXES<\/p>\n<p>[\/et_pb_text][et_pb_text _builder_version=&#8221;4.27.4&#8243; _dynamic_attributes=&#8221;link_option_url&#8221; _module_preset=&#8221;default&#8221; text_text_color=&#8221;#83b4e2&#8243; custom_margin=&#8221;||16px|||&#8221; link_option_url=&#8221;@ET-DC@eyJkeW5hbWljIjp0cnVlLCJjb250ZW50IjoicG9zdF9saW5rX3VybF9wYWdlIiwic2V0dGluZ3MiOnsicG9zdF9pZCI6IjE2MyJ9fQ==@&#8221; global_colors_info=&#8221;{}&#8221;]<\/p>\n<p>ENTRY FORM<\/p>\n<p>[\/et_pb_text][et_pb_text _builder_version=&#8221;4.27.4&#8243; _dynamic_attributes=&#8221;link_option_url&#8221; _module_preset=&#8221;default&#8221; text_text_color=&#8221;#0064c1&#8243; custom_margin=&#8221;||16px|||&#8221; link_option_url=&#8221;@ET-DC@eyJkeW5hbWljIjp0cnVlLCJjb250ZW50IjoicG9zdF9saW5rX3VybF9wYWdlIiwic2V0dGluZ3MiOnsicG9zdF9pZCI6IjM1OSJ9fQ==@&#8221; custom_css_main_element=&#8221;position:relative;||left:1rem&#8221; global_colors_info=&#8221;{}&#8221;]<\/p>\n<p>FOR INDIVIDUALS<\/p>\n<p>[\/et_pb_text][et_pb_text _builder_version=&#8221;4.27.4&#8243; _dynamic_attributes=&#8221;link_option_url&#8221; _module_preset=&#8221;default&#8221; text_text_color=&#8221;#0064c1&#8243; custom_margin=&#8221;||16px|||&#8221; link_option_url=&#8221;@ET-DC@eyJkeW5hbWljIjp0cnVlLCJjb250ZW50IjoicG9zdF9saW5rX3VybF9wYWdlIiwic2V0dGluZ3MiOnsicG9zdF9pZCI6IjM3NiJ9fQ==@&#8221; custom_css_main_element=&#8221;position:relative;||left:1rem&#8221; global_colors_info=&#8221;{}&#8221;]<\/p>\n<p>FOR LEGAL PERSONS<\/p>\n<p>[\/et_pb_text][et_pb_text _builder_version=&#8221;4.27.4&#8243; _dynamic_attributes=&#8221;link_option_url&#8221; _module_preset=&#8221;default&#8221; text_text_color=&#8221;#83b4e2&#8243; custom_margin=&#8221;||16px|||&#8221; link_option_url=&#8221;@ET-DC@eyJkeW5hbWljIjp0cnVlLCJjb250ZW50IjoicG9zdF9saW5rX3VybF9wYWdlIiwic2V0dGluZ3MiOnsicG9zdF9pZCI6IjE2NSJ9fQ==@&#8221; global_colors_info=&#8221;{}&#8221;]<\/p>\n<p>DATA RECONCILIATION FORM<\/p>\n<p>[\/et_pb_text][et_pb_text _builder_version=&#8221;4.27.4&#8243; _dynamic_attributes=&#8221;link_option_url&#8221; _module_preset=&#8221;default&#8221; text_text_color=&#8221;#83b4e2&#8243; custom_margin=&#8221;||16px|||&#8221; link_option_url=&#8221;@ET-DC@eyJkeW5hbWljIjp0cnVlLCJjb250ZW50IjoicG9zdF9saW5rX3VybF9wYWdlIiwic2V0dGluZ3MiOnsicG9zdF9pZCI6IjE3In19@&#8221; global_colors_info=&#8221;{}&#8221;]<\/p>\n<p>PERIODICAL<\/p>\n<p>[\/et_pb_text][et_pb_text _builder_version=&#8221;4.27.4&#8243; _dynamic_attributes=&#8221;link_option_url&#8221; _module_preset=&#8221;default&#8221; text_text_color=&#8221;#83b4e2&#8243; custom_margin=&#8221;||16px|||&#8221; link_option_url=&#8221;@ET-DC@eyJkeW5hbWljIjp0cnVlLCJjb250ZW50IjoicG9zdF9saW5rX3VybF9wYWdlIiwic2V0dGluZ3MiOnsicG9zdF9pZCI6IjE1OSJ9fQ==@&#8221; global_colors_info=&#8221;{}&#8221;]<\/p>\n<p>PARTNER SITES<\/p>\n<p>[\/et_pb_text][\/et_pb_column][\/et_pb_row][\/et_pb_section]<\/p>","protected":false},"excerpt":{"rendered":"<p>Egysz\u00e1zal\u00e9k Magyar K\u00f6zgazdas\u00e1gi T\u00e1rsas\u00e1g k\u00f6zhaszn\u00fa szervezet, ad\u00f3sz\u00e1ma: 19007971-2-41. Ha teheti, k\u00e9rj\u00fck, aj\u00e1nlja f\u00f6l nek\u00fcnk szem\u00e9lyi j\u00f6vedelemad\u00f3j\u00e1nak 1%-\u00e1t, amelyet szakmai, tudom\u00e1nyos tev\u00e9kenys\u00e9g\u00fcnk finansz\u00edroz\u00e1s\u00e1ra haszn\u00e1ln\u00e1nk fel. El\u0151re is k\u00f6sz\u00f6nj\u00fck, ha ezt a sz\u00e1mot munkat\u00e1rsai, csal\u00e1dtagjai k\u00f6r\u00e9ben is terjeszti! A Nemzeti Ad\u00f3- \u00e9s V\u00e1mhivatalt\u00f3l kapott t\u00e1j\u00e9koztat\u00e1s szerint a 2024. \u00e9vi szem\u00e9lyi j\u00f6vedelemad\u00f3 1 sz\u00e1zal\u00e9k\u00e1b\u00f3l a Magyar K\u00f6zgazdas\u00e1gi T\u00e1rsas\u00e1g [&hellip;]<\/p>","protected":false},"author":1,"featured_media":0,"parent":0,"menu_order":0,"comment_status":"closed","ping_status":"closed","template":"","meta":{"_et_pb_use_builder":"on","_et_pb_old_content":"[fusion_builder_container hundred_percent=\"yes\" overflow=\"visible\" type=\"legacy\"][fusion_builder_row][fusion_builder_column type=\"1_1\" layout=\"1_1\" background_position=\"left top\" background_color=\"\" border_color=\"\" border_style=\"solid\" spacing=\"yes\" background_image=\"\" background_repeat=\"no-repeat\" padding_top=\"\" padding_right=\"\" padding_bottom=\"\" padding_left=\"\" margin_top=\"0px\" margin_bottom=\"0px\" class=\"\" id=\"\" animation_type=\"\" animation_speed=\"0.3\" animation_direction=\"left\" hide_on_mobile=\"no\" center_content=\"no\" min_height=\"none\" last=\"true\" hover_type=\"none\" link=\"\" border_position=\"all\" align_self=\"flex-start\" border_sizes_top=\"\" border_sizes_bottom=\"\" border_sizes_left=\"\" border_sizes_right=\"\" first=\"true\"][\/fusion_builder_column][\/fusion_builder_row][\/fusion_builder_container][fusion_builder_container hundred_percent=\"yes\" overflow=\"visible\" type=\"legacy\"][fusion_builder_row][fusion_builder_column type=\"1_1\" layout=\"1_1\" background_position=\"left top\" background_color=\"\" border_color=\"\" border_style=\"solid\" spacing=\"yes\" background_image=\"\" background_repeat=\"no-repeat\" padding_top=\"\" padding_right=\"\" padding_bottom=\"\" padding_left=\"\" margin_top=\"0px\" margin_bottom=\"0px\" class=\"\" id=\"\" animation_type=\"\" animation_speed=\"0.3\" animation_direction=\"left\" hide_on_mobile=\"no\" center_content=\"no\" min_height=\"none\" last=\"true\" hover_type=\"none\" link=\"\" border_position=\"all\" align_self=\"flex-start\" border_sizes_top=\"\" border_sizes_bottom=\"\" border_sizes_left=\"\" border_sizes_right=\"\" first=\"true\"][fusion_title margin_top=\"\" margin_bottom=\"\" hide_on_mobile=\"small-visibility,medium-visibility,large-visibility\" class=\"\" id=\"\" size=\"2\" content_align=\"left\" style_type=\"underline solid\" sep_color=\"#1e73be\"]<strong>ONE PERCENT<\/strong>[\/fusion_title][fusion_text columns=\"\" column_min_width=\"\" column_spacing=\"\" rule_style=\"default\" rule_size=\"\" rule_color=\"\" content_alignment_medium=\"\" content_alignment_small=\"\" content_alignment=\"\" hide_on_mobile=\"small-visibility,medium-visibility,large-visibility\" sticky_display=\"normal,sticky\" class=\"\" id=\"\" margin_top=\"\" margin_right=\"\" margin_bottom=\"\" margin_left=\"\" font_size=\"\" fusion_font_family_text_font=\"\" fusion_font_variant_text_font=\"\" line_height=\"\" letter_spacing=\"\" text_color=\"\" animation_type=\"\" animation_direction=\"left\" animation_speed=\"0.3\" animation_offset=\"\"]\r\n<p style=\"text-align: justify;\"><a href=\"http:\/\/www.mkt.hu\/wp-content\/uploads\/2015\/10\/1szazalek.png\"><img class=\"size-medium wp-image-1059 alignleft\" src=\"http:\/\/www.mkt.hu\/wp-content\/uploads\/2015\/10\/1szazalek-300x225.png\" alt=\"1szazalek\" width=\"300\" height=\"225\" \/><\/a>The Hungarian Economic Association is a non-profit organisation, tax number: 19007971-2-41. It would be appreciated if you could offer your 1% of personal income tax to the HEA, which would be used for financing our professional and scientific activities. Thank you in advance for sharing this number with colleagues and family members as well!<\/p>\r\n<p style=\"text-align: justify;\">According to information received from the National Tax and Customs Administration of Hungary, from the total offering of 1% of 2023 personal income tax altogether HUF 968.667 was received in 2024 for supporting the professional activity of the Hungarian Economic Association.<\/p>\r\n<p style=\"text-align: justify;\">Thank you for your offering; it would be greatly appreciated in the spring of 2025 as well!<\/p>\r\n[\/fusion_text][\/fusion_builder_column][\/fusion_builder_row][\/fusion_builder_container][fusion_builder_container hundred_percent=\"yes\" overflow=\"visible\" type=\"legacy\"][fusion_builder_row][fusion_builder_column type=\"1_1\" layout=\"1_1\" background_position=\"left top\" background_color=\"\" border_color=\"\" border_style=\"solid\" spacing=\"yes\" background_image=\"\" background_repeat=\"no-repeat\" padding_top=\"\" padding_right=\"\" padding_bottom=\"\" padding_left=\"\" margin_top=\"0px\" margin_bottom=\"0px\" class=\"\" id=\"\" animation_type=\"\" animation_speed=\"0.3\" animation_direction=\"left\" hide_on_mobile=\"no\" center_content=\"no\" min_height=\"none\" last=\"true\" hover_type=\"none\" link=\"\" border_position=\"all\" align_self=\"flex-start\" border_sizes_top=\"\" border_sizes_bottom=\"\" border_sizes_left=\"\" border_sizes_right=\"\" first=\"true\"][\/fusion_builder_column][\/fusion_builder_row][\/fusion_builder_container]","_et_gb_content_width":"","footnotes":""},"class_list":["post-1972","page","type-page","status-publish","hentry"],"publishpress_future_workflow_manual_trigger":{"enabledWorkflows":[]},"_links":{"self":[{"href":"https:\/\/mkt.hu\/en\/wp-json\/wp\/v2\/pages\/1972","targetHints":{"allow":["GET"]}}],"collection":[{"href":"https:\/\/mkt.hu\/en\/wp-json\/wp\/v2\/pages"}],"about":[{"href":"https:\/\/mkt.hu\/en\/wp-json\/wp\/v2\/types\/page"}],"author":[{"embeddable":true,"href":"https:\/\/mkt.hu\/en\/wp-json\/wp\/v2\/users\/1"}],"replies":[{"embeddable":true,"href":"https:\/\/mkt.hu\/en\/wp-json\/wp\/v2\/comments?post=1972"}],"version-history":[{"count":1,"href":"https:\/\/mkt.hu\/en\/wp-json\/wp\/v2\/pages\/1972\/revisions"}],"predecessor-version":[{"id":16621,"href":"https:\/\/mkt.hu\/en\/wp-json\/wp\/v2\/pages\/1972\/revisions\/16621"}],"wp:attachment":[{"href":"https:\/\/mkt.hu\/en\/wp-json\/wp\/v2\/media?parent=1972"}],"curies":[{"name":"wp","href":"https:\/\/api.w.org\/{rel}","templated":true}]}}