{"id":74,"date":"2015-09-23T13:01:43","date_gmt":"2015-09-23T13:01:43","guid":{"rendered":"http:\/\/www.mkt.hu\/?page_id=74"},"modified":"2025-04-10T22:34:23","modified_gmt":"2025-04-10T20:34:23","slug":"mkt-kartya","status":"publish","type":"page","link":"https:\/\/mkt.hu\/en\/mkt-kartya\/","title":{"rendered":"MEMBERSHIP CARD"},"content":{"rendered":"<p>[et_pb_section fb_built=&#8221;1&#8243; _builder_version=&#8221;4.27.4&#8243; _module_preset=&#8221;default&#8221; custom_padding=&#8221;0px||||false|false&#8221; global_colors_info=&#8221;{}&#8221;][et_pb_row _builder_version=&#8221;4.27.4&#8243; _module_preset=&#8221;default&#8221; width=&#8221;90%&#8221; max_width=&#8221;none&#8221; locked=&#8221;off&#8221; global_colors_info=&#8221;{}&#8221;][et_pb_column type=&#8221;4_4&#8243; _builder_version=&#8221;4.27.4&#8243; _module_preset=&#8221;default&#8221; global_colors_info=&#8221;{}&#8221;][et_pb_text _builder_version=&#8221;4.27.4&#8243; _module_preset=&#8221;default&#8221; header_2_font_size=&#8221;18px&#8221; custom_margin=&#8221;||0px||false|false&#8221; custom_padding=&#8221;||0px||false|false&#8221; global_colors_info=&#8221;{}&#8221;]<\/p>\n<div class=\"fusion-title title fusion-title-1 sep-underline sep-solid fusion-title-text fusion-title-size-two\">\n<h2 data-fontsize=\"18\" data-lineheight=\"27px\" class=\"fusion-responsive-typography-calculated\"><strong>Discounts available to HEA Card holders<\/strong><\/h2>\n<\/div>\n<p>[\/et_pb_text][et_pb_divider color=&#8221;#1e73be&#8221; _builder_version=&#8221;4.27.4&#8243; _module_preset=&#8221;default&#8221; custom_margin=&#8221;0px||0px||false|false&#8221; custom_padding=&#8221;0px||0px||false|false&#8221; global_colors_info=&#8221;{}&#8221;][\/et_pb_divider][et_pb_text _builder_version=&#8221;4.27.4&#8243; _module_preset=&#8221;default&#8221; global_colors_info=&#8221;{}&#8221;]<\/p>\n<p><strong>The list of stores and service providers offering an average of 11.4% discount to holders of a HEA Membership Card with an EDC logo is expanding on a weekly basis. Currently there are 1,115 stores and service providers accepting HEA Membership Cards across Hungary.\u00a0<b><a href=\"https:\/\/www.bercode.com\/shopfinder\" target=\"_blank\" rel=\"noopener noreferrer\">Click here to download the full list of stores offering discount..<\/a>.\u00a0<\/b>What's more: the card - or more precisely the barcode sticker on it - can now be digitised on a smartphone. The Bercode application required for this is available on the<b>\u00a0<a href=\"https:\/\/play.google.com\/store\/apps\/details?id=com.bercode\" target=\"_blank\" rel=\"noopener noreferrer\">Google Play<\/a>\u00a0<\/b>or<b>\u00a0<a href=\"https:\/\/itunes.apple.com\/us\/app\/bercode\/id1445188381?l=hu&amp;ls=1&amp;mt=8\" target=\"_blank\" rel=\"noopener noreferrer\">AppStore<\/a>\u00a0<\/b>download.<\/strong><\/p>\n<p>The HEA Membership Card bears the silver logo of the Euro Discount Club (EDC), which guarantees significant discounts at more than one thousand stores and service providers. Our partners offering EDC discount include bookshops, fashion stores, fabric stores, interior design stores, car accessories and appliance stores, as well as restaurants.\n\nA kedvezm\u00e9nyt ad\u00f3 \u00fczletek, illetve szolg\u00e1ltat\u00f3k k\u00f6z\u00f6tt ott vannak t\u00f6bbek k\u00f6z\u00f6tt a Hertz aut\u00f3k\u00f6lcs\u00f6nz\u0151k (10%), a Pizza King \u00e9ttermek (15%),  az e-Bolt m\u0171szaki web\u00e1ruh\u00e1z (3%),  a budapesti Vased\u00e9ny \u00fczletek (10%), a P\u00e1tria pap\u00edr-, \u00edr\u00f3szer- \u00e9s nyomtatv\u00e1nyboltok (az orsz\u00e1gban 22 helyen 10% kedvezm\u00e9nnyel), a f\u0151v\u00e1rosi KeS Pap\u00edr Szak\u00fczletek (10%),  a KIKOL feny\u0151b\u00fatorboltok (5%), a GUESS divat\u00e1ru-\u00fczletek (10%), az O\u00e1zis kert\u00e9szetek (7%), a Thomas Jeans \u00fczletek (10%), a Konkurencia feh\u00e9rnem\u0171-szak\u00fczletek (10%), a Grav\u00edr Expressz \u00fczletek (10%), a J\u00e1t\u00e9kv\u00e1r j\u00e1t\u00e9k\u00e1ruh\u00e1zak (5%) \u00e9s a budapesti F\u0151zel\u00e9kfal\u00f3 \u00e9telb\u00e1rok (10%) is.\n\nDetailed information on stores offering discount in regional breakdown can be accessed online at www.edc.hu\/keresok.<\/p>\n<p>&nbsp;<\/p>\n<p>[\/et_pb_text][\/et_pb_column][\/et_pb_row][et_pb_row column_structure=&#8221;1_5,1_5,1_5,1_5,1_5&#8243; _builder_version=&#8221;4.27.4&#8243; _module_preset=&#8221;default&#8221; width=&#8221;90%&#8221; max_width=&#8221;none&#8221; custom_margin=&#8221;0px||||false|false&#8221; custom_padding=&#8221;0px||||false|false&#8221; global_colors_info=&#8221;{}&#8221;][et_pb_column type=&#8221;1_5&#8243; _builder_version=&#8221;4.27.4&#8243; _module_preset=&#8221;default&#8221; global_colors_info=&#8221;{}&#8221;][et_pb_image src=&#8221;https:\/\/mkt.hu\/wp-content\/uploads\/2025\/02\/download-app-store.png&#8221; title_text=&#8221;download-app-store&#8221; url=&#8221;https:\/\/itunes.apple.com\/us\/app\/bercode\/id1445188381?l=hu&#038;ls=1&#038;mt=8&#8243; _builder_version=&#8221;4.27.4&#8243; _module_preset=&#8221;default&#8221; hover_enabled=&#8221;0&#8243; global_colors_info=&#8221;{}&#8221; sticky_enabled=&#8221;0&#8243;][\/et_pb_image][\/et_pb_column][et_pb_column type=&#8221;1_5&#8243; _builder_version=&#8221;4.27.4&#8243; _module_preset=&#8221;default&#8221; global_colors_info=&#8221;{}&#8221;][et_pb_image src=&#8221;https:\/\/mkt.hu\/wp-content\/uploads\/2025\/02\/Google_Play_Store_badge_EN.svg_.png&#8221; title_text=&#8221;Google_Play_Store_badge_EN.svg&#8221; url=&#8221;https:\/\/play.google.com\/store\/apps\/details?id=com.bercode&#8221; _builder_version=&#8221;4.27.4&#8243; _module_preset=&#8221;default&#8221; hover_enabled=&#8221;0&#8243; global_colors_info=&#8221;{}&#8221; sticky_enabled=&#8221;0&#8243;][\/et_pb_image][\/et_pb_column][et_pb_column type=&#8221;1_5&#8243; _builder_version=&#8221;4.27.4&#8243; _module_preset=&#8221;default&#8221; global_colors_info=&#8221;{}&#8221;][\/et_pb_column][et_pb_column type=&#8221;1_5&#8243; _builder_version=&#8221;4.27.4&#8243; _module_preset=&#8221;default&#8221; global_colors_info=&#8221;{}&#8221;][\/et_pb_column][et_pb_column type=&#8221;1_5&#8243; _builder_version=&#8221;4.27.4&#8243; _module_preset=&#8221;default&#8221; global_colors_info=&#8221;{}&#8221;][\/et_pb_column][\/et_pb_row][\/et_pb_section]<\/p>","protected":false},"excerpt":{"rendered":"<p>Kedvezm\u00e9nyek az MKT-k\u00e1rty\u00e1val H\u00e9tr\u0151l h\u00e9tre b\u0151v\u00fcl \u00e9s m\u00e1ra el\u00e9ri az 1300-at azoknak az \u00fczleteknek \u00e9s szolg\u00e1ltat\u00f3knak a list\u00e1ja, amelyek jelent\u0151s \u00e1rengedm\u00e9nyt adnak mindazoknak, akik v\u00e1s\u00e1rl\u00e1skor felmutatj\u00e1k a Magyar K\u00f6zgazdas\u00e1gi T\u00e1rsas\u00e1g tags\u00e1gi k\u00e1rty\u00e1j\u00e1t.\u00a0A kedvezm\u00e9nyt ad\u00f3 \u00fczletek k\u00f6z\u00f6tt ide kattintva lehet b\u00f6ng\u00e9szni.\u00a0S\u0151t: a k\u00e1rtya \u2013 pontosabban az azon tal\u00e1lhat\u00f3\u00a0vonalk\u00f3dos matrica \u2013 most m\u00e1r okostelefonra digitaliz\u00e1lhat\u00f3. Az ehhez [&hellip;]<\/p>","protected":false},"author":1,"featured_media":0,"parent":0,"menu_order":0,"comment_status":"closed","ping_status":"closed","template":"","meta":{"_et_pb_use_builder":"on","_et_pb_old_content":"[fusion_builder_container hundred_percent=\"yes\" overflow=\"visible\"][fusion_builder_row][fusion_builder_column type=\"1_1\" background_position=\"left top\" background_color=\"\" border_size=\"\" border_color=\"\" border_style=\"solid\" spacing=\"yes\" background_image=\"\" background_repeat=\"no-repeat\" padding=\"\" margin_top=\"0px\" margin_bottom=\"0px\" class=\"\" id=\"\" animation_type=\"\" animation_speed=\"0.3\" animation_direction=\"left\" hide_on_mobile=\"no\" center_content=\"no\" min_height=\"none\"][\/fusion_builder_column][\/fusion_builder_row][\/fusion_builder_container][fusion_builder_container hundred_percent=\"no\" equal_height_columns=\"no\" menu_anchor=\"\" hide_on_mobile=\"small-visibility,medium-visibility,large-visibility\" class=\"\" id=\"\" background_color=\"\" background_image=\"\" background_position=\"center center\" background_repeat=\"no-repeat\" fade=\"no\" background_parallax=\"none\" parallax_speed=\"0.3\" video_mp4=\"\" video_webm=\"\" video_ogv=\"\" video_url=\"\" video_aspect_ratio=\"16:9\" video_loop=\"yes\" video_mute=\"yes\" overlay_color=\"\" video_preview_image=\"\" border_size=\"\" border_color=\"\" border_style=\"solid\" padding_top=\"\" padding_bottom=\"\" padding_left=\"\" padding_right=\"\"][fusion_builder_row][fusion_builder_column type=\"1_1\" layout=\"1_1\" background_position=\"left top\" background_color=\"\" border_size=\"\" border_color=\"\" border_style=\"solid\" border_position=\"all\" spacing=\"yes\" background_image=\"\" background_repeat=\"no-repeat\" padding=\"\" margin_top=\"0px\" margin_bottom=\"0px\" class=\"\" id=\"\" animation_type=\"\" animation_speed=\"0.3\" animation_direction=\"left\" hide_on_mobile=\"small-visibility,medium-visibility,large-visibility\" center_content=\"no\" last=\"no\" min_height=\"\" hover_type=\"none\" link=\"\"][fusion_separator style_type=\"none\" hide_on_mobile=\"small-visibility,medium-visibility,large-visibility\" class=\"\" id=\"\" sep_color=\"\" top_margin=\"20px\" bottom_margin=\"\" border_size=\"\" icon=\"\" icon_circle=\"\" icon_circle_color=\"\" width=\"\" alignment=\"center\" \/][fusion_text]\r\n<h2>Discounts available to HEA Card holders<\/h2>\r\n<strong>The list of stores and service providers offering an average of 11.4% discount to holders of a HEA Membership Card with an EDC logo is expanding on a weekly basis. Currently there are 1,115 stores and service providers accepting HEA Membership Cards across Hungary. <a href=\"https:\/\/edc.hu\/katalogus\/cat.php\">Click here to download the full list of stores offering discount.<\/a>.<\/strong>\r\n\r\nThe HEA Membership Card bears the silver logo of the Euro Discount Club (EDC), which guarantees significant discounts at more than one thousand stores and service providers. Our partners offering EDC discount include bookshops, fashion stores, fabric stores, interior design stores, car accessories and appliance stores, as well as restaurants.\r\n\r\nA\u00a0kedvezm\u00e9nyt ad\u00f3 \u00fczletek, illetve szolg\u00e1ltat\u00f3k k\u00f6z\u00f6tt ott vannak t\u00f6bbek k\u00f6z\u00f6tt a <a href=\"http:\/\/www.edc.hu\/kereso?na=Hertz&amp;q=1\" target=\"_blank\" rel=\"noopener noreferrer\"><strong>Hertz aut\u00f3k\u00f6lcs\u00f6nz\u0151k<\/strong><\/a> (10%), a <a href=\"http:\/\/www.edc.hu\/kereso?na=Pizza%20King&amp;q=1\" target=\"_blank\" rel=\"noopener noreferrer\"><strong>Pizza King \u00e9ttermek<\/strong><\/a> (15%), \u00a0az <strong><a href=\"http:\/\/edc.hu\/info.php?id=10355\" target=\"_blank\" rel=\"noopener noreferrer\">e-Bolt m\u0171szaki web\u00e1ruh\u00e1z<\/a><\/strong> (3%), \u00a0a budapesti <a href=\"http:\/\/www.edc.hu\/kereso?na=Vased%E9ny&amp;q=1\" target=\"_blank\" rel=\"noopener noreferrer\"><strong>Vased\u00e9ny \u00fczletek<\/strong><\/a> (10%), a <a href=\"http:\/\/www.edc.hu\/kereso?na=P%E1tria&amp;q=1\" target=\"_blank\" rel=\"noopener noreferrer\"><strong>P\u00e1tria pap\u00edr-, \u00edr\u00f3szer- \u00e9s nyomtatv\u00e1nyboltok<\/strong><\/a> (az orsz\u00e1gban 22 helyen 10% kedvezm\u00e9nnyel), a\u00a0f\u0151v\u00e1rosi\u00a0<strong><a href=\"http:\/\/www.edc.hu\/kereso?na=KeS%20Papir&amp;q=1\" target=\"_blank\" rel=\"noopener noreferrer\">KeS Pap\u00edr Szak\u00fczletek<\/a>\u00a0<\/strong>(10%), \u00a0a <strong><a href=\"http:\/\/www.edc.hu\/kereso?na=Kikol&amp;q=1\">KIKOL<\/a><\/strong> feny\u0151b\u00fatorboltok (5%), a <a href=\"http:\/\/www.edc.hu\/kereso?na=GUESS&amp;q=1\" target=\"_blank\" rel=\"noopener noreferrer\"><strong>GUESS<\/strong><\/a> divat\u00e1ru-\u00fczletek (10%), az <a href=\"http:\/\/www.edc.hu\/kereso?na=O%E1zis%20Kert%E9szet&amp;q=1\" target=\"_blank\" rel=\"noopener noreferrer\"><strong>O\u00e1zis kert\u00e9szetek<\/strong><\/a> (7%), a <strong><a href=\"http:\/\/www.edc.hu\/kereso?na=Thomas%20Jeans&amp;q=1\">Thomas Jeans<\/a> <\/strong>\u00fczletek (10%), a <strong><a href=\"http:\/\/www.edc.hu\/kereso?na=Konkurencia&amp;q=1\">Konkurencia<\/a><\/strong> feh\u00e9rnem\u0171-szak\u00fczletek (10%), a\u00a0<strong><a href=\"http:\/\/www.edc.hu\/kereso?na=Grav%EDr%20Expressz&amp;q=1\">Grav\u00edr Expressz \u00fczletek<\/a><\/strong> (10%),\u00a0a <strong><a href=\"http:\/\/www.edc.hu\/kereso?na=J%E1t%E9kv%E1r&amp;q=1\">J\u00e1t\u00e9kv\u00e1r<\/a><\/strong> j\u00e1t\u00e9k\u00e1ruh\u00e1zak (5%)\u00a0\u00e9s a budapesti <a href=\"http:\/\/www.edc.hu\/kereso?na=F%F5zel%E9kfal%F3&amp;q=1\" target=\"_blank\" rel=\"noopener noreferrer\"><strong>F\u0151zel\u00e9kfal\u00f3<\/strong><\/a> \u00e9telb\u00e1rok (10%)\u00a0is.\r\n\r\nDetailed information on stores offering discount in <em>regional breakdown<\/em> can be accessed online at <a href=\"http:\/\/www.edc.hu\/kereso\"><strong>www.edc.hu\/kereso<\/strong><\/a>k.\r\n\r\n<iframe src=\"http:\/\/www.edc.hu\/kereso?bl=1\" width=\"960\" height=\"600\" frameborder=\"0\"><\/iframe>\r\n\r\n[\/fusion_text][\/fusion_builder_column][\/fusion_builder_row][\/fusion_builder_container][fusion_builder_container hundred_percent=\"yes\" overflow=\"visible\"][fusion_builder_row][fusion_builder_column type=\"1_1\" background_position=\"left top\" background_color=\"\" border_size=\"\" border_color=\"\" border_style=\"solid\" spacing=\"yes\" background_image=\"\" background_repeat=\"no-repeat\" padding=\"\" margin_top=\"0px\" margin_bottom=\"0px\" class=\"\" id=\"\" animation_type=\"\" animation_speed=\"0.3\" animation_direction=\"left\" hide_on_mobile=\"no\" center_content=\"no\" min_height=\"none\"][\/fusion_builder_column][\/fusion_builder_row][\/fusion_builder_container]","_et_gb_content_width":"","footnotes":""},"class_list":["post-74","page","type-page","status-publish","hentry"],"publishpress_future_workflow_manual_trigger":{"enabledWorkflows":[]},"_links":{"self":[{"href":"https:\/\/mkt.hu\/en\/wp-json\/wp\/v2\/pages\/74","targetHints":{"allow":["GET"]}}],"collection":[{"href":"https:\/\/mkt.hu\/en\/wp-json\/wp\/v2\/pages"}],"about":[{"href":"https:\/\/mkt.hu\/en\/wp-json\/wp\/v2\/types\/page"}],"author":[{"embeddable":true,"href":"https:\/\/mkt.hu\/en\/wp-json\/wp\/v2\/users\/1"}],"replies":[{"embeddable":true,"href":"https:\/\/mkt.hu\/en\/wp-json\/wp\/v2\/comments?post=74"}],"version-history":[{"count":0,"href":"https:\/\/mkt.hu\/en\/wp-json\/wp\/v2\/pages\/74\/revisions"}],"wp:attachment":[{"href":"https:\/\/mkt.hu\/en\/wp-json\/wp\/v2\/media?parent=74"}],"curies":[{"name":"wp","href":"https:\/\/api.w.org\/{rel}","templated":true}]}}