{"id":7605,"date":"2020-10-04T18:53:18","date_gmt":"2020-10-04T16:53:18","guid":{"rendered":"https:\/\/www.mkt.hu\/?page_id=7605"},"modified":"2025-04-10T22:36:41","modified_gmt":"2025-04-10T20:36:41","slug":"podcastok","status":"publish","type":"page","link":"https:\/\/mkt.hu\/en\/podcastok\/","title":{"rendered":"PODCASTS"},"content":{"rendered":"<p>[et_pb_section fb_built=&#8221;1&#8243; specialty=&#8221;on&#8221; _builder_version=&#8221;4.27.4&#8243; _module_preset=&#8221;default&#8221; inner_width=&#8221;90%&#8221; inner_max_width=&#8221;none&#8221; custom_padding=&#8221;0px||||false|false&#8221; global_colors_info=&#8221;{}&#8221;][et_pb_column type=&#8221;2_3&#8243; specialty_columns=&#8221;2&#8243; _builder_version=&#8221;4.16&#8243; custom_padding=&#8221;|||&#8221; global_colors_info=&#8221;{}&#8221; custom_padding__hover=&#8221;|||&#8221;][et_pb_row_inner _builder_version=&#8221;4.27.4&#8243; _module_preset=&#8221;default&#8221; width=&#8221;100%&#8221; locked=&#8221;off&#8221; global_colors_info=&#8221;{}&#8221;][et_pb_column_inner saved_specialty_column_type=&#8221;2_3&#8243; _builder_version=&#8221;4.27.4&#8243; _module_preset=&#8221;default&#8221; global_colors_info=&#8221;{}&#8221;][et_pb_text _builder_version=&#8221;4.27.4&#8243; _module_preset=&#8221;default&#8221; header_2_font_size=&#8221;18px&#8221; custom_margin=&#8221;||0px||false|false&#8221; custom_padding=&#8221;||0px||false|false&#8221; global_colors_info=&#8221;{}&#8221;]<\/p>\n<div class=\"fusion-title title fusion-title-1 sep-underline sep-solid fusion-title-text fusion-title-size-two\">\n<h2 class=\"title-heading-left fusion-responsive-typography-calculated\" data-fontsize=\"18\" data-lineheight=\"27px\"><strong>HEA\u2019s professional events available on podcasts<\/strong><\/h2>\n<\/div>\n<p>[\/et_pb_text][et_pb_divider color=&#8221;#1e73be&#8221; _builder_version=&#8221;4.27.4&#8243; _module_preset=&#8221;default&#8221; custom_margin=&#8221;0px||0px||false|false&#8221; custom_padding=&#8221;0px||0px||false|false&#8221; global_colors_info=&#8221;{}&#8221;][\/et_pb_divider][et_pb_text _builder_version=&#8221;4.27.4&#8243; _module_preset=&#8221;default&#8221; custom_margin=&#8221;||19px|||&#8221; global_colors_info=&#8221;{}&#8221;]<\/p>\n<p>The <a href=\"https:\/\/anchor.fm\/mktpodcast\"><strong>MKT\u2019s podcast-channel<\/strong><\/a>is ready, hence you can already listen to the sound recordings of our online presentations on your smart phone, or even while travelling or doing household chores.<\/p>\n<p>Our intention for the future is to make the voice recordings of all our online events and presentations available also in this form for our members and professionals interested in economic affairs.<\/p>\n<p>Our latest podcast:<\/p>\n<p>[\/et_pb_text][et_pb_code _builder_version=&#8221;4.27.4&#8243; _module_preset=&#8221;default&#8221; custom_margin=&#8221;0px||0px||false|false&#8221; custom_padding=&#8221;0px||0px||false|false&#8221; global_colors_info=&#8221;{}&#8221;]<iframe loading=\"lazy\" src=\"https:\/\/anchor.fm\/mktpodcast\/embed\" width=\"600px\" height=\"102px\" frameborder=\"0\" scrolling=\"no\"><span data-mce-type=\"bookmark\" style=\"display: inline-block; width: 0px; overflow: hidden; line-height: 0;\" class=\"mce_SELRES_start\"><\/span><\/iframe>[\/et_pb_code][et_pb_text _builder_version=&#8221;4.27.4&#8243; _module_preset=&#8221;default&#8221; custom_margin=&#8221;30px||||false|false&#8221; global_colors_info=&#8221;{}&#8221;]<\/p>\n<p><span>MKT\u2019s podcasts can be accessed free of charge in applications <\/span><strong><a href=\"https:\/\/anchor.fm\/mktpodcast\">Anchor<\/a>,<\/strong><span>\u00a0a <\/span><strong><a href=\"https:\/\/open.spotify.com\/show\/16DRjq10Nn5XmZhtKATWm1\">Spotify<\/a><\/strong><span>, <\/span><a href=\"https:\/\/www.breaker.audio\/magyar-kozgazdasagi-tarsasag\"><strong>Breaker<\/strong><\/a><span>, <\/span><strong><a href=\"https:\/\/www.google.com\/podcasts?feed=aHR0cHM6Ly9hbmNob3IuZm0vcy8zOTc1NDcwMC9wb2RjYXN0L3Jzcw==\">Google Podcasts<\/a><\/strong><span>, <\/span><a href=\"https:\/\/pca.st\/w1woyxgx\"><strong>it is worth signing up!<\/strong><\/a><span>, <\/span><a href=\"https:\/\/radiopublic.com\/magyar-kzgazdasgi-trsasg-GmEEnn\"><strong>RadioPublic<\/strong><\/a><span>, <\/span><strong><a href=\"https:\/\/overcast.fm\/itunes1534662906\/magyar-k-zgazdas-gi-t-rsas-g\">Overcast<\/a><\/strong><span>, <\/span><a href=\"https:\/\/podcasts.apple.com\/podcast\/id1534662906\"><strong>Apple Podcasts<\/strong><\/a><span> and <\/span><a href=\"https:\/\/castro.fm\/podcast\/a4aa6134-47f2-4f00-81cc-3f681ecafb4e\"><strong>Castro<\/strong><\/a><span> it is worth signing up!<\/span><\/p>\n<p>[\/et_pb_text][\/et_pb_column_inner][\/et_pb_row_inner][et_pb_row_inner column_structure=&#8221;1_2,1_2&#8243; make_equal=&#8221;on&#8221; _builder_version=&#8221;4.27.4&#8243; _module_preset=&#8221;default&#8221; custom_padding=&#8221;16px||15px|||&#8221; custom_css_main_element=&#8221;align-items:center&#8221; global_colors_info=&#8221;{}&#8221;][et_pb_column_inner type=&#8221;1_2&#8243; saved_specialty_column_type=&#8221;2_3&#8243; _builder_version=&#8221;4.27.4&#8243; _module_preset=&#8221;default&#8221; global_colors_info=&#8221;{}&#8221;][et_pb_image src=&#8221;https:\/\/mkt.hu\/wp-content\/uploads\/2020\/10\/anchor.png&#8221; title_text=&#8221;anchor&#8221; _builder_version=&#8221;4.27.4&#8243; _module_preset=&#8221;default&#8221; hover_enabled=&#8221;0&#8243; global_colors_info=&#8221;{}&#8221; sticky_enabled=&#8221;0&#8243;][\/et_pb_image][\/et_pb_column_inner][et_pb_column_inner type=&#8221;1_2&#8243; saved_specialty_column_type=&#8221;2_3&#8243; _builder_version=&#8221;4.27.4&#8243; _module_preset=&#8221;default&#8221; global_colors_info=&#8221;{}&#8221;][et_pb_image src=&#8221;https:\/\/mkt.hu\/wp-content\/uploads\/2020\/10\/spotify.png&#8221; title_text=&#8221;spotify&#8221; _builder_version=&#8221;4.27.4&#8243; _module_preset=&#8221;default&#8221; hover_enabled=&#8221;0&#8243; global_colors_info=&#8221;{}&#8221; sticky_enabled=&#8221;0&#8243;][\/et_pb_image][\/et_pb_column_inner][\/et_pb_row_inner][et_pb_row_inner column_structure=&#8221;1_2,1_2&#8243; make_equal=&#8221;on&#8221; _builder_version=&#8221;4.27.4&#8243; _module_preset=&#8221;default&#8221; custom_padding=&#8221;16px||15px|||&#8221; custom_css_main_element=&#8221;align-items:center&#8221; global_colors_info=&#8221;{}&#8221;][et_pb_column_inner type=&#8221;1_2&#8243; saved_specialty_column_type=&#8221;2_3&#8243; _builder_version=&#8221;4.27.4&#8243; _module_preset=&#8221;default&#8221; global_colors_info=&#8221;{}&#8221;][et_pb_image src=&#8221;https:\/\/mkt.hu\/wp-content\/uploads\/2020\/10\/breaker_logo.png&#8221; title_text=&#8221;breaker_logo&#8221; _builder_version=&#8221;4.27.4&#8243; _module_preset=&#8221;default&#8221; hover_enabled=&#8221;0&#8243; global_colors_info=&#8221;{}&#8221; sticky_enabled=&#8221;0&#8243;][\/et_pb_image][\/et_pb_column_inner][et_pb_column_inner type=&#8221;1_2&#8243; saved_specialty_column_type=&#8221;2_3&#8243; _builder_version=&#8221;4.27.4&#8243; _module_preset=&#8221;default&#8221; global_colors_info=&#8221;{}&#8221;][et_pb_image src=&#8221;https:\/\/mkt.hu\/wp-content\/uploads\/2020\/10\/radiopublic-wordmark-red@2x.png&#8221; title_text=&#8221;radiopublic-wordmark-red@2x&#8221; _builder_version=&#8221;4.27.4&#8243; _module_preset=&#8221;default&#8221; hover_enabled=&#8221;0&#8243; global_colors_info=&#8221;{}&#8221; sticky_enabled=&#8221;0&#8243;][\/et_pb_image][\/et_pb_column_inner][\/et_pb_row_inner][et_pb_row_inner column_structure=&#8221;1_2,1_2&#8243; make_equal=&#8221;on&#8221; _builder_version=&#8221;4.27.4&#8243; _module_preset=&#8221;default&#8221; custom_padding=&#8221;16px||15px|||&#8221; custom_css_main_element=&#8221;align-items:center&#8221; global_colors_info=&#8221;{}&#8221;][et_pb_column_inner type=&#8221;1_2&#8243; saved_specialty_column_type=&#8221;2_3&#8243; _builder_version=&#8221;4.27.4&#8243; _module_preset=&#8221;default&#8221; global_colors_info=&#8221;{}&#8221;][et_pb_image src=&#8221;https:\/\/mkt.hu\/wp-content\/uploads\/2025\/02\/podcastgoogle.png&#8221; title_text=&#8221;podcastgoogle&#8221; _builder_version=&#8221;4.27.4&#8243; _module_preset=&#8221;default&#8221; hover_enabled=&#8221;0&#8243; global_colors_info=&#8221;{}&#8221; sticky_enabled=&#8221;0&#8243;][\/et_pb_image][\/et_pb_column_inner][et_pb_column_inner type=&#8221;1_2&#8243; saved_specialty_column_type=&#8221;2_3&#8243; _builder_version=&#8221;4.27.4&#8243; _module_preset=&#8221;default&#8221; global_colors_info=&#8221;{}&#8221;][et_pb_image src=&#8221;https:\/\/mkt.hu\/wp-content\/uploads\/2020\/10\/pocketcast.png&#8221; title_text=&#8221;pocketcast&#8221; _builder_version=&#8221;4.27.4&#8243; _module_preset=&#8221;default&#8221; hover_enabled=&#8221;0&#8243; global_colors_info=&#8221;{}&#8221; sticky_enabled=&#8221;0&#8243;][\/et_pb_image][\/et_pb_column_inner][\/et_pb_row_inner][et_pb_row_inner column_structure=&#8221;1_2,1_2&#8243; make_equal=&#8221;on&#8221; _builder_version=&#8221;4.27.4&#8243; _module_preset=&#8221;default&#8221; custom_padding=&#8221;16px||15px|||&#8221; custom_css_main_element=&#8221;align-items:center&#8221; global_colors_info=&#8221;{}&#8221;][et_pb_column_inner type=&#8221;1_2&#8243; saved_specialty_column_type=&#8221;2_3&#8243; _builder_version=&#8221;4.27.4&#8243; _module_preset=&#8221;default&#8221; global_colors_info=&#8221;{}&#8221;][et_pb_image src=&#8221;https:\/\/mkt.hu\/wp-content\/uploads\/2020\/10\/overcast.png&#8221; title_text=&#8221;overcast&#8221; _builder_version=&#8221;4.27.4&#8243; _module_preset=&#8221;default&#8221; hover_enabled=&#8221;0&#8243; global_colors_info=&#8221;{}&#8221; sticky_enabled=&#8221;0&#8243;][\/et_pb_image][\/et_pb_column_inner][et_pb_column_inner type=&#8221;1_2&#8243; saved_specialty_column_type=&#8221;2_3&#8243; _builder_version=&#8221;4.27.4&#8243; _module_preset=&#8221;default&#8221; global_colors_info=&#8221;{}&#8221;][et_pb_image src=&#8221;https:\/\/mkt.hu\/wp-content\/uploads\/2020\/10\/applepodcastslogo.png&#8221; title_text=&#8221;applepodcastslogo&#8221; _builder_version=&#8221;4.27.4&#8243; _module_preset=&#8221;default&#8221; hover_enabled=&#8221;0&#8243; global_colors_info=&#8221;{}&#8221; sticky_enabled=&#8221;0&#8243;][\/et_pb_image][\/et_pb_column_inner][\/et_pb_row_inner][et_pb_row_inner column_structure=&#8221;1_2,1_2&#8243; make_equal=&#8221;on&#8221; _builder_version=&#8221;4.27.4&#8243; _module_preset=&#8221;default&#8221; custom_padding=&#8221;16px||15px|||&#8221; custom_css_main_element=&#8221;align-items:center&#8221; global_colors_info=&#8221;{}&#8221;][et_pb_column_inner type=&#8221;1_2&#8243; saved_specialty_column_type=&#8221;2_3&#8243; _builder_version=&#8221;4.27.4&#8243; _module_preset=&#8221;default&#8221; global_colors_info=&#8221;{}&#8221;][et_pb_image src=&#8221;https:\/\/mkt.hu\/wp-content\/uploads\/2020\/10\/AAcastro.png&#8221; title_text=&#8221;A&#038;A+castro&#8221; _builder_version=&#8221;4.27.4&#8243; _module_preset=&#8221;default&#8221; hover_enabled=&#8221;0&#8243; global_colors_info=&#8221;{}&#8221; sticky_enabled=&#8221;0&#8243;][\/et_pb_image][\/et_pb_column_inner][et_pb_column_inner type=&#8221;1_2&#8243; saved_specialty_column_type=&#8221;2_3&#8243; _builder_version=&#8221;4.27.4&#8243; _module_preset=&#8221;default&#8221; global_colors_info=&#8221;{}&#8221;][\/et_pb_column_inner][\/et_pb_row_inner][\/et_pb_column][et_pb_column type=&#8221;1_3&#8243; _builder_version=&#8221;4.16&#8243; custom_padding=&#8221;|||&#8221; global_colors_info=&#8221;{}&#8221; custom_padding__hover=&#8221;|||&#8221;][et_pb_text _builder_version=&#8221;4.27.4&#8243; _module_preset=&#8221;default&#8221; header_4_font_size=&#8221;13px&#8221; custom_margin=&#8221;||16px|||&#8221; locked=&#8221;off&#8221; global_colors_info=&#8221;{}&#8221;]<\/p>\n<h4 class=\"widget-title fusion-responsive-typography-calculated\" data-fontsize=\"13\" data-lineheight=\"20.02px\">Events archive<\/h4>\n<p>[\/et_pb_text][et_pb_text _builder_version=&#8221;4.27.4&#8243; _dynamic_attributes=&#8221;link_option_url&#8221; _module_preset=&#8221;default&#8221; text_text_color=&#8221;#83b4e2&#8243; custom_margin=&#8221;||16px|||&#8221; link_option_url=&#8221;@ET-DC@eyJkeW5hbWljIjp0cnVlLCJjb250ZW50IjoicG9zdF9saW5rX3VybF9wYWdlIiwic2V0dGluZ3MiOnsicG9zdF9pZCI6IjExIn19@&#8221; locked=&#8221;off&#8221; global_colors_info=&#8221;{}&#8221;]<\/p>\n<p>Forthcoming events<\/p>\n<p>[\/et_pb_text][et_pb_text _builder_version=&#8221;4.27.4&#8243; _dynamic_attributes=&#8221;link_option_url&#8221; _module_preset=&#8221;default&#8221; text_text_color=&#8221;#83b4e2&#8243; custom_margin=&#8221;||16px|||&#8221; link_option_url=&#8221;@ET-DC@eyJkeW5hbWljIjp0cnVlLCJjb250ZW50IjoicG9zdF9saW5rX3VybF9wYWdlIiwic2V0dGluZ3MiOnsicG9zdF9pZCI6IjQ5MSJ9fQ==@&#8221; locked=&#8221;off&#8221; global_colors_info=&#8221;{}&#8221;]<\/p>\n<p>Previous events<\/p>\n<p>[\/et_pb_text][et_pb_sidebar area=&#8221;et_pb_widget_area_1&#8243; _builder_version=&#8221;4.27.4&#8243; _module_preset=&#8221;default&#8221; locked=&#8221;off&#8221; global_colors_info=&#8221;{}&#8221;][\/et_pb_sidebar][\/et_pb_column][\/et_pb_section]<\/p>","protected":false},"excerpt":{"rendered":"<p>Podcastokon az MKT online el\u0151ad\u00e1sai Elk\u00e9sz\u00fclt az MKT podcast-csatorn\u00e1ja, \u00edgy online el\u0151ad\u00e1saink hanganyaga m\u00e1r okostelefonon, utaz\u00e1s vagy \u00e9ppen h\u00e1zimunka k\u00f6zben is visszahallgathat\u00f3. A j\u00f6v\u0151ben igyeksz\u00fcnk valamennyi online rendezv\u00e9ny\u00fcnk, el\u0151ad\u00e1sunk hanganyag\u00e1t ebben a form\u00e1ban is el\u00e9rhet\u0151v\u00e9 tenni tagjaink \u00e9s a gazdas\u00e1g \u00fcgyei ir\u00e1nt \u00e9rdekl\u0151d\u0151 szakemberek sz\u00e1m\u00e1ra. Legut\u00f3bbi podcastunk:Az MKT podcastjai az Anchor,\u00a0a Spotify, a Breaker, a [&hellip;]<\/p>","protected":false},"author":13835,"featured_media":0,"parent":0,"menu_order":0,"comment_status":"closed","ping_status":"closed","template":"","meta":{"_et_pb_use_builder":"on","_et_pb_old_content":"<strong>HEA's professional events available on podcasts<\/strong>\r\n\r\n<strong><u><a href=\"https:\/\/anchor.fm\/mktpodcast\">MKT\u2019s podcast-channel<\/a> <\/u><\/strong>is ready, hence you can already listen to the sound recordings of our online presentations on your smart phone, or even while travelling or doing household chores.\r\n\r\nOur intention for the future is to make the voice recordings of all our online events and presentations available also in this form for our members and professionals interested in economic affairs.\r\n\r\nOur latest podcast:\r\n\r\n<iframe src=\"https:\/\/anchor.fm\/mktpodcast\/embed\" width=\"600px\" height=\"102px\" frameborder=\"0\" scrolling=\"no\"><span data-mce-type=\"bookmark\" style=\"display: inline-block; width: 0px; overflow: hidden; line-height: 0;\" class=\"mce_SELRES_start\">\ufeff<\/span><\/iframe>\r\nMKT\u2019s podcasts can be accessed free of charge in applications <strong><a href=\"https:\/\/anchor.fm\/mktpodcast\">Anchor<\/a><\/strong><strong>,<\/strong>\u00a0<strong><a href=\"https:\/\/open.spotify.com\/show\/16DRjq10Nn5XmZhtKATWm1\">Spotify<\/a><\/strong>, <strong><u><a href=\"https:\/\/www.breaker.audio\/magyar-kozgazdasagi-tarsasag\">Breaker<\/a><\/u><\/strong>, <strong><a href=\"https:\/\/www.google.com\/podcasts?feed=aHR0cHM6Ly9hbmNob3IuZm0vcy8zOTc1NDcwMC9wb2RjYXN0L3Jzcw==\">Google Podcasts<\/a><\/strong>, <strong><u><a href=\"https:\/\/pca.st\/w1woyxgx\">PocketCast<\/a><\/u><\/strong>, <strong><u><a href=\"https:\/\/radiopublic.com\/magyar-kzgazdasgi-trsasg-GmEEnn\">RadioPublic<\/a><\/u><\/strong>, <strong><a href=\"https:\/\/overcast.fm\/itunes1534662906\/magyar-k-zgazdas-gi-t-rsas-g\">Overcast<\/a><\/strong>, <a href=\"https:\/\/podcasts.apple.com\/podcast\/id1534662906\"><strong>Apple Podcasts<\/strong><\/a> and <a href=\"https:\/\/castro.fm\/podcast\/a4aa6134-47f2-4f00-81cc-3f681ecafb4e\"><strong>Castro<\/strong><\/a> - it is worth signing up!\r\n<table style=\"border-collapse: collapse; width: 100%;\">\r\n<tbody>\r\n<tr>\r\n<td style=\"width: 50%;\"><a href=\"https:\/\/anchor.fm\/mktpodcast\"><img class=\"size-medium wp-image-7589 aligncenter\" src=\"https:\/\/www.mkt.hu\/wp-content\/uploads\/2020\/10\/anchor-300x80.png\" alt=\"\" width=\"300\" height=\"80\" \/><\/a><\/td>\r\n<td style=\"width: 50%;\"><a href=\"https:\/\/open.spotify.com\/show\/16DRjq10Nn5XmZhtKATWm1\"><img class=\"size-medium wp-image-7588 aligncenter\" src=\"https:\/\/www.mkt.hu\/wp-content\/uploads\/2020\/10\/spotify-300x92.png\" alt=\"\" width=\"300\" height=\"92\" \/><\/a><\/td>\r\n<\/tr>\r\n<tr>\r\n<td style=\"width: 50%;\"><a href=\"https:\/\/www.breaker.audio\/magyar-kozgazdasagi-tarsasag\"><img class=\"size-medium wp-image-7608 aligncenter\" src=\"https:\/\/www.mkt.hu\/wp-content\/uploads\/2020\/10\/breaker_logo-300x93.png\" alt=\"\" width=\"300\" height=\"93\" \/><\/a><\/td>\r\n<td style=\"width: 50%;\"><a href=\"https:\/\/radiopublic.com\/magyar-kzgazdasgi-trsasg-GmEEnn\"><img class=\"size-medium wp-image-7611 aligncenter\" src=\"https:\/\/www.mkt.hu\/wp-content\/uploads\/2020\/10\/radiopublic-wordmark-red@2x-300x133.png\" alt=\"\" width=\"300\" height=\"133\" \/><\/a><\/td>\r\n<\/tr>\r\n<tr>\r\n<td style=\"width: 50%;\"><a href=\"https:\/\/www.google.com\/podcasts?feed=aHR0cHM6Ly9hbmNob3IuZm0vcy8zOTc1NDcwMC9wb2RjYXN0L3Jzcw==\"><img class=\"size-medium wp-image-7623 aligncenter\" src=\"https:\/\/www.mkt.hu\/wp-content\/uploads\/2020\/10\/googlepodcasts-300x112.png\" alt=\"\" width=\"300\" height=\"112\" \/><\/a><\/td>\r\n<td style=\"width: 50%; text-align: center;\"><a href=\"https:\/\/pca.st\/w1woyxgx\"><img class=\"size-medium wp-image-7624 aligncenter\" src=\"https:\/\/www.mkt.hu\/wp-content\/uploads\/2020\/10\/pocketcast-300x60.png\" alt=\"\" width=\"300\" height=\"60\" \/><\/a><\/td>\r\n<\/tr>\r\n<tr>\r\n<td style=\"width: 50%;\"><a href=\"https:\/\/overcast.fm\/itunes1534662906\/magyar-k-zgazdas-gi-t-rsas-g\"><img class=\"size-medium wp-image-7649 aligncenter\" src=\"https:\/\/www.mkt.hu\/wp-content\/uploads\/2020\/10\/overcast-300x99.png\" alt=\"\" width=\"300\" height=\"99\" \/><\/a><\/td>\r\n<td style=\"width: 50%; text-align: center;\"><a href=\"https:\/\/podcasts.apple.com\/podcast\/id1534662906\"><img class=\"size-medium wp-image-7647 aligncenter\" src=\"https:\/\/www.mkt.hu\/wp-content\/uploads\/2020\/10\/applepodcastslogo-300x100.png\" alt=\"\" width=\"300\" height=\"100\" \/><\/a><\/td>\r\n<\/tr>\r\n<tr>\r\n<td style=\"width: 50%;\"><a href=\"https:\/\/castro.fm\/podcast\/a4aa6134-47f2-4f00-81cc-3f681ecafb4e\"><img class=\"size-medium wp-image-7648 aligncenter\" src=\"https:\/\/www.mkt.hu\/wp-content\/uploads\/2020\/10\/AAcastro-300x100.png\" alt=\"\" width=\"300\" height=\"100\" \/><\/a><\/td>\r\n<td style=\"width: 50%; text-align: center;\"><\/td>\r\n<\/tr>\r\n<\/tbody>\r\n<\/table>","_et_gb_content_width":"","footnotes":""},"class_list":["post-7605","page","type-page","status-publish","hentry"],"publishpress_future_workflow_manual_trigger":{"enabledWorkflows":[]},"_links":{"self":[{"href":"https:\/\/mkt.hu\/en\/wp-json\/wp\/v2\/pages\/7605","targetHints":{"allow":["GET"]}}],"collection":[{"href":"https:\/\/mkt.hu\/en\/wp-json\/wp\/v2\/pages"}],"about":[{"href":"https:\/\/mkt.hu\/en\/wp-json\/wp\/v2\/types\/page"}],"author":[{"embeddable":true,"href":"https:\/\/mkt.hu\/en\/wp-json\/wp\/v2\/users\/13835"}],"replies":[{"embeddable":true,"href":"https:\/\/mkt.hu\/en\/wp-json\/wp\/v2\/comments?post=7605"}],"version-history":[{"count":0,"href":"https:\/\/mkt.hu\/en\/wp-json\/wp\/v2\/pages\/7605\/revisions"}],"wp:attachment":[{"href":"https:\/\/mkt.hu\/en\/wp-json\/wp\/v2\/media?parent=7605"}],"curies":[{"name":"wp","href":"https:\/\/api.w.org\/{rel}","templated":true}]}}