{"id":74,"date":"2015-09-23T13:01:43","date_gmt":"2015-09-23T13:01:43","guid":{"rendered":"http:\/\/www.mkt.hu\/?page_id=74"},"modified":"2025-04-10T22:34:23","modified_gmt":"2025-04-10T20:34:23","slug":"mkt-kartya","status":"publish","type":"page","link":"https:\/\/mkt.hu\/hu\/mkt-kartya\/","title":{"rendered":"MKT-K\u00e1rtya"},"content":{"rendered":"<p>[et_pb_section fb_built=&#8221;1&#8243; _builder_version=&#8221;4.27.4&#8243; _module_preset=&#8221;default&#8221; custom_padding=&#8221;0px||||false|false&#8221; global_colors_info=&#8221;{}&#8221;][et_pb_row _builder_version=&#8221;4.27.4&#8243; _module_preset=&#8221;default&#8221; width=&#8221;90%&#8221; max_width=&#8221;none&#8221; locked=&#8221;off&#8221; global_colors_info=&#8221;{}&#8221;][et_pb_column type=&#8221;4_4&#8243; _builder_version=&#8221;4.27.4&#8243; _module_preset=&#8221;default&#8221; global_colors_info=&#8221;{}&#8221;][et_pb_text _builder_version=&#8221;4.27.4&#8243; _module_preset=&#8221;default&#8221; header_2_font_size=&#8221;18px&#8221; custom_margin=&#8221;||0px||false|false&#8221; custom_padding=&#8221;||0px||false|false&#8221; global_colors_info=&#8221;{}&#8221;]<\/p>\n<div class=\"fusion-title title fusion-title-1 sep-underline sep-solid fusion-title-text fusion-title-size-two\">\n<h2 data-fontsize=\"18\" data-lineheight=\"27px\" class=\"fusion-responsive-typography-calculated\"><strong>Kedvezm\u00e9nyek az MKT-k\u00e1rty\u00e1val<\/strong><\/h2>\n<\/div>\n<p>[\/et_pb_text][et_pb_divider color=&#8221;#1e73be&#8221; _builder_version=&#8221;4.27.4&#8243; _module_preset=&#8221;default&#8221; custom_margin=&#8221;0px||0px||false|false&#8221; custom_padding=&#8221;0px||0px||false|false&#8221; global_colors_info=&#8221;{}&#8221;][\/et_pb_divider][et_pb_text _builder_version=&#8221;4.27.4&#8243; _module_preset=&#8221;default&#8221; global_colors_info=&#8221;{}&#8221;]<\/p>\n<p><strong>H\u00e9tr\u0151l h\u00e9tre b\u0151v\u00fcl \u00e9s m\u00e1ra el\u00e9ri az 1300-at azoknak az \u00fczleteknek \u00e9s szolg\u00e1ltat\u00f3knak a list\u00e1ja, amelyek jelent\u0151s \u00e1rengedm\u00e9nyt adnak mindazoknak, akik v\u00e1s\u00e1rl\u00e1skor felmutatj\u00e1k a Magyar K\u00f6zgazdas\u00e1gi T\u00e1rsas\u00e1g tags\u00e1gi k\u00e1rty\u00e1j\u00e1t.\u00a0<b><a href=\"https:\/\/www.bercode.com\/shopfinder\" target=\"_blank\" rel=\"noopener noreferrer\">A kedvezm\u00e9nyt ad\u00f3 \u00fczletek k\u00f6z\u00f6tt ide kattintva lehet b\u00f6ng\u00e9szni<\/a>.\u00a0<\/b>S\u0151t: a k\u00e1rtya \u2013 pontosabban az azon tal\u00e1lhat\u00f3\u00a0vonalk\u00f3dos matrica \u2013 most m\u00e1r okostelefonra digitaliz\u00e1lhat\u00f3. Az ehhez sz\u00fcks\u00e9ges Bercode-applik\u00e1ci\u00f3 a<b>\u00a0<a href=\"https:\/\/play.google.com\/store\/apps\/details?id=com.bercode\" target=\"_blank\" rel=\"noopener noreferrer\">Google Play Web\u00e1ruh\u00e1zb\u00f3l<\/a>\u00a0<\/b>\u00e9s az<b>\u00a0<a href=\"https:\/\/itunes.apple.com\/us\/app\/bercode\/id1445188381?l=hu&amp;ls=1&amp;mt=8\" target=\"_blank\" rel=\"noopener noreferrer\">AppStore-b\u00f3l<\/a>\u00a0<\/b>is let\u00f6lthet\u0151.<\/strong><\/p>\n<p>A tags\u00e1gi igazolv\u00e1nyon megtal\u00e1lhat\u00f3 az Euro Discount Club (EDC) ez\u00fcst embl\u00e9m\u00e1ja, \u00edgy orsz\u00e1gszerte m\u00e1r t\u00f6bb mint ezer \u00fczletben, szolg\u00e1ltat\u00f3n\u00e1l\u00a0jelent\u0151s kedvezm\u00e9nyeket vehetnek ig\u00e9nybe tagt\u00e1rsaink. Az kedvezm\u00e9nyt ad\u00f3 partnerei k\u00f6z\u00f6tt k\u00f6nyvesboltok, divatcikk-, m\u00e9ter\u00e1ru- \u00e9s lakberendez\u00e9si szak\u00fczletek, aut\u00f3alkatr\u00e9sz- \u00e9s m\u0171szakicikk-\u00e1ruh\u00e1zak, valamint \u00e9ttermek is szerepelnek. A kedvezm\u00e9nyek ig\u00e9nybe v\u00e9tel\u00e9hez sz\u00fcks\u00e9ges, vonalk\u00f3dos (Bercode-os) matric\u00e1t az \u00e9ves tagd\u00edjuk befizet\u00e9s\u00e9t k\u00f6vet\u0151en post\u00e1zzuk tagjainknak.<\/p>\n<p>&nbsp;<\/p>\n<p>[\/et_pb_text][\/et_pb_column][\/et_pb_row][et_pb_row column_structure=&#8221;1_5,1_5,1_5,1_5,1_5&#8243; _builder_version=&#8221;4.27.4&#8243; _module_preset=&#8221;default&#8221; width=&#8221;90%&#8221; max_width=&#8221;none&#8221; custom_margin=&#8221;0px||||false|false&#8221; custom_padding=&#8221;0px||||false|false&#8221; global_colors_info=&#8221;{}&#8221;][et_pb_column type=&#8221;1_5&#8243; _builder_version=&#8221;4.27.4&#8243; _module_preset=&#8221;default&#8221; global_colors_info=&#8221;{}&#8221;][et_pb_image src=&#8221;https:\/\/mkt.hu\/wp-content\/uploads\/2025\/02\/download-app-store.png&#8221; title_text=&#8221;download-app-store&#8221; url=&#8221;https:\/\/itunes.apple.com\/us\/app\/bercode\/id1445188381?l=hu&#038;ls=1&#038;mt=8&#8243; _builder_version=&#8221;4.27.4&#8243; _module_preset=&#8221;default&#8221; hover_enabled=&#8221;0&#8243; global_colors_info=&#8221;{}&#8221; sticky_enabled=&#8221;0&#8243;][\/et_pb_image][\/et_pb_column][et_pb_column type=&#8221;1_5&#8243; _builder_version=&#8221;4.27.4&#8243; _module_preset=&#8221;default&#8221; global_colors_info=&#8221;{}&#8221;][et_pb_image src=&#8221;https:\/\/mkt.hu\/wp-content\/uploads\/2025\/02\/Google_Play_Store_badge_EN.svg_.png&#8221; title_text=&#8221;Google_Play_Store_badge_EN.svg&#8221; url=&#8221;https:\/\/play.google.com\/store\/apps\/details?id=com.bercode&#8221; _builder_version=&#8221;4.27.4&#8243; _module_preset=&#8221;default&#8221; hover_enabled=&#8221;0&#8243; global_colors_info=&#8221;{}&#8221; sticky_enabled=&#8221;0&#8243;][\/et_pb_image][\/et_pb_column][et_pb_column type=&#8221;1_5&#8243; _builder_version=&#8221;4.27.4&#8243; _module_preset=&#8221;default&#8221; global_colors_info=&#8221;{}&#8221;][\/et_pb_column][et_pb_column type=&#8221;1_5&#8243; _builder_version=&#8221;4.27.4&#8243; _module_preset=&#8221;default&#8221; global_colors_info=&#8221;{}&#8221;][\/et_pb_column][et_pb_column type=&#8221;1_5&#8243; _builder_version=&#8221;4.27.4&#8243; _module_preset=&#8221;default&#8221; global_colors_info=&#8221;{}&#8221;][\/et_pb_column][\/et_pb_row][\/et_pb_section]<\/p>\n","protected":false},"excerpt":{"rendered":"<p>Kedvezm\u00e9nyek az MKT-k\u00e1rty\u00e1val H\u00e9tr\u0151l h\u00e9tre b\u0151v\u00fcl \u00e9s m\u00e1ra el\u00e9ri az 1300-at azoknak az \u00fczleteknek \u00e9s szolg\u00e1ltat\u00f3knak a list\u00e1ja, amelyek jelent\u0151s \u00e1rengedm\u00e9nyt adnak mindazoknak, akik v\u00e1s\u00e1rl\u00e1skor felmutatj\u00e1k a Magyar K\u00f6zgazdas\u00e1gi T\u00e1rsas\u00e1g tags\u00e1gi k\u00e1rty\u00e1j\u00e1t.\u00a0A kedvezm\u00e9nyt ad\u00f3 \u00fczletek k\u00f6z\u00f6tt ide kattintva lehet b\u00f6ng\u00e9szni.\u00a0S\u0151t: a k\u00e1rtya \u2013 pontosabban az azon tal\u00e1lhat\u00f3\u00a0vonalk\u00f3dos matrica \u2013 most m\u00e1r okostelefonra digitaliz\u00e1lhat\u00f3. Az ehhez [&hellip;]<\/p>\n","protected":false},"author":1,"featured_media":0,"parent":0,"menu_order":0,"comment_status":"closed","ping_status":"closed","template":"","meta":{"_et_pb_use_builder":"on","_et_pb_old_content":"[fusion_builder_container hundred_percent=\"yes\" overflow=\"visible\"][fusion_builder_row][fusion_builder_column type=\"1_1\" background_position=\"left top\" background_color=\"\" border_size=\"\" border_color=\"\" border_style=\"solid\" spacing=\"yes\" background_image=\"\" background_repeat=\"no-repeat\" padding=\"\" margin_top=\"0px\" margin_bottom=\"0px\" class=\"\" id=\"\" animation_type=\"\" animation_speed=\"0.3\" animation_direction=\"left\" hide_on_mobile=\"no\" center_content=\"no\" min_height=\"none\"][\/fusion_builder_column][\/fusion_builder_row][\/fusion_builder_container][fusion_builder_container hundred_percent=\"no\" equal_height_columns=\"no\" menu_anchor=\"\" hide_on_mobile=\"small-visibility,medium-visibility,large-visibility\" class=\"\" id=\"\" background_color=\"\" background_image=\"\" background_position=\"center center\" background_repeat=\"no-repeat\" fade=\"no\" background_parallax=\"none\" parallax_speed=\"0.3\" video_mp4=\"\" video_webm=\"\" video_ogv=\"\" video_url=\"\" video_aspect_ratio=\"16:9\" video_loop=\"yes\" video_mute=\"yes\" overlay_color=\"\" video_preview_image=\"\" border_size=\"\" border_color=\"\" border_style=\"solid\" padding_top=\"\" padding_bottom=\"\" padding_left=\"\" padding_right=\"\"][fusion_builder_row][fusion_builder_column type=\"1_1\" layout=\"1_1\" background_position=\"left top\" background_color=\"\" border_size=\"\" border_color=\"\" border_style=\"solid\" border_position=\"all\" spacing=\"yes\" background_image=\"\" background_repeat=\"no-repeat\" padding=\"\" margin_top=\"0px\" margin_bottom=\"0px\" class=\"\" id=\"\" animation_type=\"\" animation_speed=\"0.3\" animation_direction=\"left\" hide_on_mobile=\"small-visibility,medium-visibility,large-visibility\" center_content=\"no\" last=\"no\" min_height=\"\" hover_type=\"none\" link=\"\"][fusion_separator style_type=\"none\" hide_on_mobile=\"small-visibility,medium-visibility,large-visibility\" class=\"\" id=\"\" sep_color=\"\" top_margin=\"20px\" bottom_margin=\"\" border_size=\"\" icon=\"\" icon_circle=\"\" icon_circle_color=\"\" width=\"\" alignment=\"center\" \/][fusion_text]\r\n<h2>Kedvezm\u00e9nyek az MKT-k\u00e1rty\u00e1val<\/h2>\r\n<strong>H\u00e9tr\u0151l h\u00e9tre b\u0151v\u00fcl \u00e9s m\u00e1ra el\u00e9ri az 1300-at azoknak az \u00fczleteknek \u00e9s szolg\u00e1ltat\u00f3knak a list\u00e1ja, amelyek jelent\u0151s \u00e1rengedm\u00e9nyt adnak mindazoknak, akik v\u00e1s\u00e1rl\u00e1skor felmutatj\u00e1k a Magyar K\u00f6zgazdas\u00e1gi T\u00e1rsas\u00e1g tags\u00e1gi k\u00e1rty\u00e1j\u00e1t.\u00a0<b><a href=\"https:\/\/www.bercode.com\/shopfinder\" target=\"_blank\" rel=\"noopener noreferrer\">A kedvezm\u00e9nyt ad\u00f3 \u00fczletek k\u00f6z\u00f6tt ide kattintva lehet b\u00f6ng\u00e9szni<\/a>.\u00a0<\/b>S\u0151t: a k\u00e1rtya - pontosabban az azon tal\u00e1lhat\u00f3\u00a0vonalk\u00f3dos matrica - most m\u00e1r okostelefonra digitaliz\u00e1lhat\u00f3. Az ehhez sz\u00fcks\u00e9ges Bercode-applik\u00e1ci\u00f3 a<b>\u00a0<a href=\"https:\/\/play.google.com\/store\/apps\/details?id=com.bercode\" target=\"_blank\" rel=\"noopener noreferrer\">Google Play Web\u00e1ruh\u00e1zb\u00f3l<\/a>\u00a0<\/b>\u00e9s az<b>\u00a0<a href=\"https:\/\/itunes.apple.com\/us\/app\/bercode\/id1445188381?l=hu&amp;ls=1&amp;mt=8\" target=\"_blank\" rel=\"noopener noreferrer\">AppStore-b\u00f3l<\/a>\u00a0<\/b>is let\u00f6lthet\u0151.<\/strong>\r\n\r\nA tags\u00e1gi igazolv\u00e1nyon megtal\u00e1lhat\u00f3 az Euro Discount Club (EDC) ez\u00fcst embl\u00e9m\u00e1ja, \u00edgy orsz\u00e1gszerte m\u00e1r t\u00f6bb mint ezer \u00fczletben, szolg\u00e1ltat\u00f3n\u00e1l\u00a0jelent\u0151s kedvezm\u00e9nyeket vehetnek ig\u00e9nybe tagt\u00e1rsaink. Az kedvezm\u00e9nyt ad\u00f3 partnerei k\u00f6z\u00f6tt k\u00f6nyvesboltok, divatcikk-, m\u00e9ter\u00e1ru- \u00e9s lakberendez\u00e9si szak\u00fczletek, aut\u00f3alkatr\u00e9sz- \u00e9s m\u0171szakicikk-\u00e1ruh\u00e1zak, valamint \u00e9ttermek is szerepelnek. A kedvezm\u00e9nyek ig\u00e9nybe v\u00e9tel\u00e9hez sz\u00fcks\u00e9ges, vonalk\u00f3dos (Bercode-os) matric\u00e1t az \u00e9ves tagd\u00edjuk befizet\u00e9s\u00e9t k\u00f6vet\u0151en post\u00e1zzuk tagjainknak.\r\n\r\n[\/fusion_text][\/fusion_builder_column][\/fusion_builder_row][\/fusion_builder_container][fusion_builder_container hundred_percent=\"yes\" overflow=\"visible\"][fusion_builder_row][fusion_builder_column type=\"1_1\" background_position=\"left top\" background_color=\"\" border_size=\"\" border_color=\"\" border_style=\"solid\" spacing=\"yes\" background_image=\"\" background_repeat=\"no-repeat\" padding=\"\" margin_top=\"0px\" margin_bottom=\"0px\" class=\"\" id=\"\" animation_type=\"\" animation_speed=\"0.3\" animation_direction=\"left\" hide_on_mobile=\"no\" center_content=\"no\" min_height=\"none\"][\/fusion_builder_column][\/fusion_builder_row][\/fusion_builder_container]","_et_gb_content_width":"","footnotes":""},"class_list":["post-74","page","type-page","status-publish","hentry"],"publishpress_future_workflow_manual_trigger":{"enabledWorkflows":[]},"_links":{"self":[{"href":"https:\/\/mkt.hu\/hu\/wp-json\/wp\/v2\/pages\/74","targetHints":{"allow":["GET"]}}],"collection":[{"href":"https:\/\/mkt.hu\/hu\/wp-json\/wp\/v2\/pages"}],"about":[{"href":"https:\/\/mkt.hu\/hu\/wp-json\/wp\/v2\/types\/page"}],"author":[{"embeddable":true,"href":"https:\/\/mkt.hu\/hu\/wp-json\/wp\/v2\/users\/1"}],"replies":[{"embeddable":true,"href":"https:\/\/mkt.hu\/hu\/wp-json\/wp\/v2\/comments?post=74"}],"version-history":[{"count":0,"href":"https:\/\/mkt.hu\/hu\/wp-json\/wp\/v2\/pages\/74\/revisions"}],"wp:attachment":[{"href":"https:\/\/mkt.hu\/hu\/wp-json\/wp\/v2\/media?parent=74"}],"curies":[{"name":"wp","href":"https:\/\/api.w.org\/{rel}","templated":true}]}}