{"id":9,"date":"2015-09-22T08:12:03","date_gmt":"2015-09-22T08:12:03","guid":{"rendered":"http:\/\/www.mkt.hu\/?page_id=9"},"modified":"2025-04-11T13:14:44","modified_gmt":"2025-04-11T11:14:44","slug":"hirek","status":"publish","type":"page","link":"https:\/\/mkt.hu\/hu\/hirek\/","title":{"rendered":"H\u00edrek"},"content":{"rendered":"<p>[et_pb_section fb_built=&#8221;1&#8243; _builder_version=&#8221;4.27.4&#8243; _module_preset=&#8221;default&#8221; custom_margin=&#8221;||||false|false&#8221; custom_padding=&#8221;0px||||false|false&#8221; global_colors_info=&#8221;{}&#8221;][et_pb_row column_structure=&#8221;2_3,1_3&#8243; use_custom_gutter=&#8221;on&#8221; gutter_width=&#8221;4&#8243; _builder_version=&#8221;4.27.4&#8243; _module_preset=&#8221;default&#8221; width=&#8221;90%&#8221; max_width=&#8221;none&#8221; locked=&#8221;off&#8221; global_colors_info=&#8221;{}&#8221;][et_pb_column type=&#8221;2_3&#8243; _builder_version=&#8221;4.27.4&#8243; _module_preset=&#8221;default&#8221; global_colors_info=&#8221;{}&#8221;][et_pb_text _builder_version=&#8221;4.27.4&#8243; _module_preset=&#8221;default&#8221; header_2_font_size=&#8221;18px&#8221; custom_margin=&#8221;||0px||false|false&#8221; custom_padding=&#8221;||0px||false|false&#8221; global_colors_info=&#8221;{}&#8221;]<\/p>\n<div class=\"fusion-title title fusion-title-1 sep-underline sep-solid fusion-title-text fusion-title-size-two\">\n<h2 class=\"title-heading-left fusion-responsive-typography-calculated\" data-fontsize=\"18\" data-lineheight=\"27px\"><strong>H\u00cdREK<\/strong><\/h2>\n<\/div>\n<p>[\/et_pb_text][et_pb_divider color=&#8221;#1e73be&#8221; _builder_version=&#8221;4.27.4&#8243; _module_preset=&#8221;default&#8221; custom_margin=&#8221;0px||0px||false|false&#8221; custom_padding=&#8221;0px||0px||false|false&#8221; global_colors_info=&#8221;{}&#8221;][\/et_pb_divider][et_pb_blog include_categories=&#8221;6&#8243; show_author=&#8221;off&#8221; show_date=&#8221;off&#8221; show_categories=&#8221;off&#8221; _builder_version=&#8221;4.27.4&#8243; _module_preset=&#8221;default&#8221; header_text_color=&#8221;#136ebf&#8221; header_font_size=&#8221;16px&#8221; header_line_height=&#8221;1.1em&#8221; body_text_color=&#8221;#4a4e72&#8243; body_font_size=&#8221;13px&#8221; body_line_height=&#8221;1.5em&#8221; hover_enabled=&#8221;0&#8243; border_width_all=&#8221;0px&#8221; global_colors_info=&#8221;{}&#8221; sticky_enabled=&#8221;0&#8243;][\/et_pb_blog][\/et_pb_column][et_pb_column type=&#8221;1_3&#8243; _builder_version=&#8221;4.27.4&#8243; _module_preset=&#8221;default&#8221; global_colors_info=&#8221;{}&#8221;][et_pb_text _builder_version=&#8221;4.27.4&#8243; _module_preset=&#8221;default&#8221; header_4_font_size=&#8221;13px&#8221; custom_margin=&#8221;||16px|||&#8221; global_colors_info=&#8221;{}&#8221;]<\/p>\n<h4 class=\"widget-title fusion-responsive-typography-calculated\" data-fontsize=\"13\" data-lineheight=\"20.02px\">H\u00cdREK ARCH\u00cdVUM<\/h4>\n<p>[\/et_pb_text][et_pb_sidebar area=&#8221;et_pb_widget_area_2&#8243; _builder_version=&#8221;4.27.4&#8243; _module_preset=&#8221;default&#8221; global_colors_info=&#8221;{}&#8221;][\/et_pb_sidebar][\/et_pb_column][\/et_pb_row][\/et_pb_section]<\/p>\n","protected":false},"excerpt":{"rendered":"<p>H\u00cdREK H\u00cdREK ARCH\u00cdVUM<\/p>\n","protected":false},"author":1,"featured_media":0,"parent":0,"menu_order":0,"comment_status":"closed","ping_status":"closed","template":"","meta":{"_et_pb_use_builder":"on","_et_pb_old_content":"[fusion_builder_container hundred_percent=\"yes\" overflow=\"visible\"][fusion_builder_row][fusion_builder_column type=\"1_1\" background_position=\"left top\" background_color=\"\" border_size=\"\" border_color=\"\" border_style=\"solid\" spacing=\"yes\" background_image=\"\" background_repeat=\"no-repeat\" padding=\"\" margin_top=\"0px\" margin_bottom=\"0px\" class=\"\" id=\"\" animation_type=\"\" animation_speed=\"0.3\" animation_direction=\"left\" hide_on_mobile=\"no\" center_content=\"no\" min_height=\"none\"][\/fusion_builder_column][\/fusion_builder_row][\/fusion_builder_container][fusion_builder_container background_color=\"\" background_image=\"\" background_parallax=\"none\" enable_mobile=\"no\" parallax_speed=\"0.3\" background_repeat=\"no-repeat\" background_position=\"left top\" video_url=\"\" video_aspect_ratio=\"16:9\" video_webm=\"\" video_mp4=\"\" video_ogv=\"\" video_preview_image=\"\" overlay_color=\"\" overlay_opacity=\"0.5\" video_mute=\"yes\" video_loop=\"yes\" fade=\"no\" border_size=\"0px\" border_color=\"\" border_style=\"solid\" padding_top=\"5\" padding_bottom=\"20\" padding_left=\"0\" padding_right=\"0\" hundred_percent=\"no\" equal_height_columns=\"no\" hide_on_mobile=\"no\" menu_anchor=\"\" class=\"\" id=\"\"][fusion_builder_row][fusion_builder_column type=\"1_1\" background_position=\"left top\" background_color=\"\" border_size=\"\" border_color=\"\" border_style=\"solid\" spacing=\"yes\" background_image=\"\" background_repeat=\"no-repeat\" padding=\"\" margin_top=\"0px\" margin_bottom=\"0px\" class=\"\" id=\"\" animation_type=\"\" animation_speed=\"0.3\" animation_direction=\"left\" hide_on_mobile=\"no\" center_content=\"no\" min_height=\"none\"][fusion_title size=\"2\" content_align=\"left\" style_type=\"underline solid\" sep_color=\"#1e73be\" margin_top=\"\" margin_bottom=\"\" class=\"\" id=\"\"]<strong>H\u00cdREK<\/strong>[\/fusion_title][\/fusion_builder_column][fusion_builder_column type=\"1_1\" background_position=\"left top\" background_color=\"\" border_size=\"\" border_color=\"\" border_style=\"solid\" spacing=\"yes\" background_image=\"\" background_repeat=\"no-repeat\" padding=\"\" margin_top=\"0px\" margin_bottom=\"0px\" class=\"\" id=\"\" animation_type=\"\" animation_speed=\"0.3\" animation_direction=\"left\" hide_on_mobile=\"no\" center_content=\"no\" min_height=\"none\"][fusion_blog number_posts=\"\" offset=\"\" cat_slug=\"hirek\" exclude_cats=\"\" title=\"yes\" title_link=\"yes\" thumbnail=\"yes\" excerpt=\"yes\" excerpt_length=\"35\" meta_all=\"no\" meta_author=\"no\" meta_categories=\"no\" meta_comments=\"no\" meta_date=\"yes\" meta_link=\"yes\" meta_tags=\"no\" paging=\"yes\" scrolling=\"pagination\" strip_html=\"yes\" blog_grid_columns=\"3\" blog_grid_column_spacing=\"40\" layout=\"medium\" class=\"\" id=\"\"][\/fusion_blog][\/fusion_builder_column][\/fusion_builder_row][\/fusion_builder_container][fusion_builder_container hundred_percent=\"yes\" overflow=\"visible\"][fusion_builder_row][fusion_builder_column type=\"1_1\" background_position=\"left top\" background_color=\"\" border_size=\"\" border_color=\"\" border_style=\"solid\" spacing=\"yes\" background_image=\"\" background_repeat=\"no-repeat\" padding=\"\" margin_top=\"0px\" margin_bottom=\"0px\" class=\"\" id=\"\" animation_type=\"\" animation_speed=\"0.3\" animation_direction=\"left\" hide_on_mobile=\"no\" center_content=\"no\" min_height=\"none\"][\/fusion_builder_column][\/fusion_builder_row][\/fusion_builder_container]","_et_gb_content_width":"","footnotes":""},"class_list":["post-9","page","type-page","status-publish","hentry"],"publishpress_future_workflow_manual_trigger":{"enabledWorkflows":[]},"_links":{"self":[{"href":"https:\/\/mkt.hu\/hu\/wp-json\/wp\/v2\/pages\/9","targetHints":{"allow":["GET"]}}],"collection":[{"href":"https:\/\/mkt.hu\/hu\/wp-json\/wp\/v2\/pages"}],"about":[{"href":"https:\/\/mkt.hu\/hu\/wp-json\/wp\/v2\/types\/page"}],"author":[{"embeddable":true,"href":"https:\/\/mkt.hu\/hu\/wp-json\/wp\/v2\/users\/1"}],"replies":[{"embeddable":true,"href":"https:\/\/mkt.hu\/hu\/wp-json\/wp\/v2\/comments?post=9"}],"version-history":[{"count":0,"href":"https:\/\/mkt.hu\/hu\/wp-json\/wp\/v2\/pages\/9\/revisions"}],"wp:attachment":[{"href":"https:\/\/mkt.hu\/hu\/wp-json\/wp\/v2\/media?parent=9"}],"curies":[{"name":"wp","href":"https:\/\/api.w.org\/{rel}","templated":true}]}}